{"id":12368,"date":"2024-05-12T15:34:23","date_gmt":"2024-05-12T13:34:23","guid":{"rendered":"https:\/\/fruitorchard.pl\/nasze-uslugi\/nowy-projekt-biura\/"},"modified":"2025-10-08T22:27:03","modified_gmt":"2025-10-08T20:27:03","slug":"nowy-projekt-biura","status":"publish","type":"page","link":"https:\/\/fruitorchard.pl\/pl\/nasze-uslugi\/nowy-projekt-biura\/","title":{"rendered":"Nowy projekt biura"},"content":{"rendered":"\t\t<div data-elementor-type=\"wp-page\" data-elementor-id=\"12368\" class=\"elementor elementor-12368 elementor-10299\">\n\t\t\t\t\t\t<section data-dynamic-background-color=\"#EAE4E4\" class=\"elementor-section elementor-top-section elementor-element elementor-element-f177ae1 elementor-section-full_width elementor-section-height-default elementor-section-height-default qodef-elementor-content-no qodef-elementor-column-no\" data-id=\"f177ae1\" data-element_type=\"section\" data-settings=\"{&quot;background_background&quot;:&quot;classic&quot;}\">\n\t\t\t\t\t\t<div class=\"elementor-container elementor-column-gap-default\">\n\t\t\t\t\t<div class=\"elementor-column elementor-col-100 elementor-top-column elementor-element elementor-element-a7d7ee9\" data-id=\"a7d7ee9\" data-element_type=\"column\">\n\t\t\t<div class=\"elementor-widget-wrap elementor-element-populated\">\n\t\t\t\t\t\t<div class=\"elementor-element elementor-element-014ecfe elementor-widget elementor-widget-text-editor\" data-id=\"014ecfe\" data-element_type=\"widget\" data-widget_type=\"text-editor.default\">\n\t\t\t\t<div class=\"elementor-widget-container\">\n\t\t\t\t\t\t\t\t\t<h4>Miejsce szyte na miar\u0119, w kt\u00f3rym czujesz si\u0119 po prostu dobrze<\/h4><h4><span style=\"font-size: 48px;\">Nowy projekt biura<\/span><\/h4>\t\t\t\t\t\t\t\t<\/div>\n\t\t\t\t<\/div>\n\t\t\t\t\t<\/div>\n\t\t<\/div>\n\t\t\t\t\t<\/div>\n\t\t<\/section>\n\t\t<div class=\"elementor-element elementor-element-9417e7c e-con-full e-flex e-con e-parent\" data-id=\"9417e7c\" data-element_type=\"container\">\n\t\t<div class=\"elementor-element elementor-element-6a7c2d5 e-con-full e-flex e-con e-child\" data-id=\"6a7c2d5\" data-element_type=\"container\">\n\t\t\t\t<div class=\"elementor-element elementor-element-5feb7f2 elementor-widget__width-initial elementor-widget-tablet__width-inherit elementor-widget elementor-widget-text-editor\" data-id=\"5feb7f2\" data-element_type=\"widget\" data-widget_type=\"text-editor.default\">\n\t\t\t\t<div class=\"elementor-widget-container\">\n\t\t\t\t\t\t\t\t\t<p class=\"whitespace-normal break-words\"><strong>Dobry projekt zawsze zaczyna si\u0119 od ludzi<\/strong> \u2013 od g\u0142\u0119bokiego zrozumienia potrzeb, cel\u00f3w, warto\u015bci i kultury u\u017cytkownik\u00f3w.<\/p><p class=\"whitespace-normal break-words\">Dlatego <strong>zawsze zaczynamy prac\u0119 od dok\u0142adnej analizy<\/strong> wszystkich scenariuszy u\u017cytkowania przestrzeni, przep\u0142yw\u00f3w pracy i g\u0142\u00f3wnych wyzwa\u0144. W przypadku biur oznacza to analiz\u0119 techniczn\u0105 i badania jako\u015bciowe: rozmowy z decydentami, HR-em, marketingiem i dzia\u0142ami administracyjnymi, a tak\u017ce poznanie struktury firmy.<\/p><p class=\"whitespace-normal break-words\">Dla Twojego przysz\u0142ego dobra ergonomia i efektywno\u015b\u0107 s\u0105 zawsze kluczowe. Nie po\u015bwi\u0119camy funkcjonalno\u015bci dla wizualnego efektu &#8222;wow&#8221;. Celem jest zaprojektowanie przestrzeni, kt\u00f3ra najlepiej odpowie na potrzeby klienta.<\/p><p class=\"whitespace-normal break-words\"><strong>Po zaplanowaniu w pe\u0142ni funkcjonalnej przestrzeni zaczynamy owija\u0107 j\u0105 w unikalny projekt.<\/strong> Zawsze staramy si\u0119 odzwierciedli\u0107 warto\u015bci, histori\u0119 i kultur\u0119 klienta.<\/p><p class=\"whitespace-normal break-words\">I oczywi\u015bcie zmie\u015bci\u0107 si\u0119 w bud\u017cecie. Ka\u017cdy projekt ma swoje ograniczenia i obowi\u0105zkiem projektanta jest dzia\u0142a\u0107 w tych ramach.<\/p>\t\t\t\t\t\t\t\t<\/div>\n\t\t\t\t<\/div>\n\t\t\t\t<\/div>\n\t\t<div class=\"elementor-element elementor-element-82246ef e-con-full e-flex e-con e-child\" data-id=\"82246ef\" data-element_type=\"container\">\n\t\t\t\t<div class=\"elementor-element elementor-element-51e0882 elementor-widget__width-auto elementor-widget elementor-widget-hiroshi_core_single_image\" data-id=\"51e0882\" data-element_type=\"widget\" data-widget_type=\"hiroshi_core_single_image.default\">\n\t\t\t\t<div class=\"elementor-widget-container\">\n\t\t\t\t\t<div class=\"qodef-shortcode qodef-m  qodef-single-image qodef-layout--default   \">\n\t\t\t<div class=\"qodef-m-image\">\n\t\t\t\t\t\t\t\t<img fetchpriority=\"high\" decoding=\"async\" width=\"1300\" height=\"650\" src=\"https:\/\/fruitorchard.pl\/wp-content\/uploads\/2024\/05\/355A5884-1-min-1300x650.jpg\" class=\"attachment-hiroshi_core_image_size_landscape size-hiroshi_core_image_size_landscape\" alt=\"\" \/>\t\t\t\t\t\t\t<\/div>\n\t<\/div>\n\t\t\t\t<\/div>\n\t\t\t\t<\/div>\n\t\t\t\t<\/div>\n\t\t\t\t<\/div>\n\t\t<div class=\"elementor-element elementor-element-f985352 e-con-full e-flex e-con e-parent\" data-id=\"f985352\" data-element_type=\"container\">\n\t\t<div class=\"elementor-element elementor-element-7967b92 e-con-full e-flex e-con e-child\" data-id=\"7967b92\" data-element_type=\"container\">\n\t\t\t\t<div class=\"elementor-element elementor-element-182e4f4 elementor-widget__width-auto elementor-widget elementor-widget-hiroshi_core_single_image\" data-id=\"182e4f4\" data-element_type=\"widget\" data-widget_type=\"hiroshi_core_single_image.default\">\n\t\t\t\t<div class=\"elementor-widget-container\">\n\t\t\t\t\t<div class=\"qodef-shortcode qodef-m  qodef-single-image qodef-layout--default   \">\n\t\t\t<div class=\"qodef-m-image\">\n\t\t\t\t\t\t\t\t<img decoding=\"async\" width=\"1300\" height=\"650\" src=\"https:\/\/fruitorchard.pl\/wp-content\/uploads\/2024\/05\/355A6137-min-1300x650.jpg\" class=\"attachment-hiroshi_core_image_size_landscape size-hiroshi_core_image_size_landscape\" alt=\"\" \/>\t\t\t\t\t\t\t<\/div>\n\t<\/div>\n\t\t\t\t<\/div>\n\t\t\t\t<\/div>\n\t\t\t\t<\/div>\n\t\t<div class=\"elementor-element elementor-element-70998ce e-con-full e-flex e-con e-child\" data-id=\"70998ce\" data-element_type=\"container\">\n\t\t\t\t<div class=\"elementor-element elementor-element-b62d821 elementor-widget__width-initial elementor-widget-tablet__width-inherit elementor-widget elementor-widget-text-editor\" data-id=\"b62d821\" data-element_type=\"widget\" data-widget_type=\"text-editor.default\">\n\t\t\t\t<div class=\"elementor-widget-container\">\n\t\t\t\t\t\t\t\t\t<p><span style=\"color: #000000; font-family: var( --e-global-typography-text-font-family ), Sans-serif; font-weight: bolder;\">Ostateczny cel projektu jest zwodniczo prosty: przestrze\u0144 <\/span><span style=\"color: #000000; font-family: var( --e-global-typography-text-font-family ), Sans-serif; font-weight: bolder;\">musi by\u0107 naprawd\u0119 Twoja, prawie jak dom (tylko biznesowy).<\/span><\/p><p>Na tym etapie tworzymy zar\u00f3wno koncepcje projektowe, jak i szczeg\u00f3\u0142owe projekty wykonawcze.<\/p><p><span style=\"color: #000000;\">Wreszcie, nadzorujemy wykonanie w trakcie ca\u0142ego procesu. Projektanci s\u0105 obecni na budowie i pomagaj\u0105 rozwi\u0105zywa\u0107 wszelkie napotkane problemy, dostosowywa\u0107 plany do zmian i sugerowa\u0107 modyfikacje. \u015aci\u015ble wsp\u00f3\u0142pracujemy z Tob\u0105 i zespo\u0142em budowlanym, aby zapewni\u0107 perfekcyjne wykonanie wszystkich szczeg\u00f3\u0142\u00f3w.<\/span><\/p><p><span style=\"font-weight: 400; color: #000000;\">Gdy przestrze\u0144 jest ju\u017c otwarta dla u\u017cytkownik\u00f3w, zaczyna si\u0119 najlepsza cz\u0119\u015b\u0107. Konsultujemy si\u0119 z lud\u017ami z Twojego zespo\u0142u, obserwujemy ich sposoby dzia\u0142ania i optymalizujemy ostateczny projekt, aby jak najlepiej odpowiada\u0142 Twoim potrzebom. <\/span><\/p>\t\t\t\t\t\t\t\t<\/div>\n\t\t\t\t<\/div>\n\t\t\t\t<\/div>\n\t\t\t\t<\/div>\n\t\t\t\t<section data-dynamic-background-color=\"#FFFFFF\" class=\"elementor-section elementor-top-section elementor-element elementor-element-1388a38 elementor-section-boxed elementor-section-height-default elementor-section-height-default qodef-elementor-content-no qodef-elementor-column-no\" data-id=\"1388a38\" data-element_type=\"section\">\n\t\t\t\t\t\t<div class=\"elementor-container elementor-column-gap-default\">\n\t\t\t\t\t<div class=\"elementor-column elementor-col-100 elementor-top-column elementor-element elementor-element-762dfa0\" data-id=\"762dfa0\" data-element_type=\"column\">\n\t\t\t<div class=\"elementor-widget-wrap elementor-element-populated\">\n\t\t\t\t\t\t<div class=\"elementor-element elementor-element-7934c83 elementor-widget elementor-widget-text-editor\" data-id=\"7934c83\" data-element_type=\"widget\" data-widget_type=\"text-editor.default\">\n\t\t\t\t<div class=\"elementor-widget-container\">\n\t\t\t\t\t\t\t\t\t<h4>Nie wiesz, od czego zacz\u0105\u0107?<\/h4><h5><span style=\"font-size: 38px;\">Skontaktuj si\u0119 z nami &#8211; pierwsza konsultacja jest bezp\u0142atna<\/span><\/h5>\t\t\t\t\t\t\t\t<\/div>\n\t\t\t\t<\/div>\n\t\t\t\t<div class=\"elementor-element elementor-element-016f681 elementor-widget elementor-widget-hiroshi_core_button\" data-id=\"016f681\" data-element_type=\"widget\" data-widget_type=\"hiroshi_core_button.default\">\n\t\t\t\t<div class=\"elementor-widget-container\">\n\t\t\t\t\t<a class=\"qodef-shortcode qodef-m  qodef-button qodef-layout--textual  qodef-html--link\" href=\"https:\/\/fruitorchard.pl\/pl\/skontaktuj-sie-z-nami\/\" target=\"_self\"  >\n\t<span class=\"qodef-m-text\">skontaktuj si\u0119 z nami<\/span>\n<\/a>\n\t\t\t\t<\/div>\n\t\t\t\t<\/div>\n\t\t\t\t\t<\/div>\n\t\t<\/div>\n\t\t\t\t\t<\/div>\n\t\t<\/section>\n\t\t\t\t<\/div>\n\t\t","protected":false},"excerpt":{"rendered":"<p>Miejsce szyte na miar\u0119, w kt\u00f3rym czujesz si\u0119 po prostu dobrze Nowy projekt biura Dobry projekt zawsze zaczyna si\u0119 od ludzi \u2013 od g\u0142\u0119bokiego zrozumienia potrzeb, cel\u00f3w, warto\u015bci i kultury u\u017cytkownik\u00f3w. Dlatego zawsze zaczynamy prac\u0119 od dok\u0142adnej analizy wszystkich scenariuszy u\u017cytkowania przestrzeni, przep\u0142yw\u00f3w pracy i g\u0142\u00f3wnych wyzwa\u0144. W przypadku biur oznacza to analiz\u0119 techniczn\u0105 i [&hellip;]<\/p>\n","protected":false},"author":3,"featured_media":0,"parent":12359,"menu_order":0,"comment_status":"closed","ping_status":"closed","template":"page-full-width.php","meta":{"footnotes":""},"class_list":["post-12368","page","type-page","status-publish","hentry"],"yoast_head":"<!-- This site is optimized with the Yoast SEO plugin v25.7 - https:\/\/yoast.com\/wordpress\/plugins\/seo\/ -->\n<title>Nowy projekt biura - Fruitorchard<\/title>\n<meta name=\"robots\" content=\"index, follow, max-snippet:-1, max-image-preview:large, max-video-preview:-1\" \/>\n<link rel=\"canonical\" href=\"https:\/\/fruitorchard.pl\/pl\/nasze-uslugi\/nowy-projekt-biura\/\" \/>\n<meta property=\"og:locale\" content=\"pl_PL\" \/>\n<meta property=\"og:type\" content=\"article\" \/>\n<meta property=\"og:title\" content=\"Nowy projekt biura - Fruitorchard\" \/>\n<meta property=\"og:description\" content=\"Miejsce szyte na miar\u0119, w kt\u00f3rym czujesz si\u0119 po prostu dobrze Nowy projekt biura Dobry projekt zawsze zaczyna si\u0119 od ludzi \u2013 od g\u0142\u0119bokiego zrozumienia potrzeb, cel\u00f3w, warto\u015bci i kultury u\u017cytkownik\u00f3w. Dlatego zawsze zaczynamy prac\u0119 od dok\u0142adnej analizy wszystkich scenariuszy u\u017cytkowania przestrzeni, przep\u0142yw\u00f3w pracy i g\u0142\u00f3wnych wyzwa\u0144. W przypadku biur oznacza to analiz\u0119 techniczn\u0105 i [&hellip;]\" \/>\n<meta property=\"og:url\" content=\"https:\/\/fruitorchard.pl\/pl\/nasze-uslugi\/nowy-projekt-biura\/\" \/>\n<meta property=\"og:site_name\" content=\"Fruitorchard\" \/>\n<meta property=\"article:modified_time\" content=\"2025-10-08T20:27:03+00:00\" \/>\n<meta property=\"og:image\" content=\"https:\/\/fruitorchard.pl\/wp-content\/uploads\/2024\/05\/355A5884-1-min-1300x650.jpg\" \/>\n<meta name=\"twitter:card\" content=\"summary_large_image\" \/>\n<meta name=\"twitter:label1\" content=\"Szacowany czas czytania\" \/>\n\t<meta name=\"twitter:data1\" content=\"2 minuty\" \/>\n<script type=\"application\/ld+json\" class=\"yoast-schema-graph\">{\"@context\":\"https:\/\/schema.org\",\"@graph\":[{\"@type\":\"WebPage\",\"@id\":\"https:\/\/fruitorchard.pl\/pl\/nasze-uslugi\/nowy-projekt-biura\/\",\"url\":\"https:\/\/fruitorchard.pl\/pl\/nasze-uslugi\/nowy-projekt-biura\/\",\"name\":\"Nowy projekt biura - Fruitorchard\",\"isPartOf\":{\"@id\":\"https:\/\/fruitorchard.pl\/#website\"},\"primaryImageOfPage\":{\"@id\":\"https:\/\/fruitorchard.pl\/pl\/nasze-uslugi\/nowy-projekt-biura\/#primaryimage\"},\"image\":{\"@id\":\"https:\/\/fruitorchard.pl\/pl\/nasze-uslugi\/nowy-projekt-biura\/#primaryimage\"},\"thumbnailUrl\":\"https:\/\/fruitorchard.pl\/wp-content\/uploads\/2024\/05\/355A5884-1-min-1300x650.jpg\",\"datePublished\":\"2024-05-12T13:34:23+00:00\",\"dateModified\":\"2025-10-08T20:27:03+00:00\",\"breadcrumb\":{\"@id\":\"https:\/\/fruitorchard.pl\/pl\/nasze-uslugi\/nowy-projekt-biura\/#breadcrumb\"},\"inLanguage\":\"pl-PL\",\"potentialAction\":[{\"@type\":\"ReadAction\",\"target\":[\"https:\/\/fruitorchard.pl\/pl\/nasze-uslugi\/nowy-projekt-biura\/\"]}]},{\"@type\":\"ImageObject\",\"inLanguage\":\"pl-PL\",\"@id\":\"https:\/\/fruitorchard.pl\/pl\/nasze-uslugi\/nowy-projekt-biura\/#primaryimage\",\"url\":\"https:\/\/fruitorchard.pl\/wp-content\/uploads\/2024\/05\/355A5884-1-min-1300x650.jpg\",\"contentUrl\":\"https:\/\/fruitorchard.pl\/wp-content\/uploads\/2024\/05\/355A5884-1-min-1300x650.jpg\"},{\"@type\":\"BreadcrumbList\",\"@id\":\"https:\/\/fruitorchard.pl\/pl\/nasze-uslugi\/nowy-projekt-biura\/#breadcrumb\",\"itemListElement\":[{\"@type\":\"ListItem\",\"position\":1,\"name\":\"Home\",\"item\":\"https:\/\/fruitorchard.pl\/pl\/\"},{\"@type\":\"ListItem\",\"position\":2,\"name\":\"Nasze us\u0142ugi\",\"item\":\"https:\/\/fruitorchard.pl\/pl\/nasze-uslugi\/\"},{\"@type\":\"ListItem\",\"position\":3,\"name\":\"Nowy projekt biura\"}]},{\"@type\":\"WebSite\",\"@id\":\"https:\/\/fruitorchard.pl\/#website\",\"url\":\"https:\/\/fruitorchard.pl\/\",\"name\":\"Fruitorchard\",\"description\":\"Award winning interior design studio\",\"publisher\":{\"@id\":\"https:\/\/fruitorchard.pl\/#organization\"},\"potentialAction\":[{\"@type\":\"SearchAction\",\"target\":{\"@type\":\"EntryPoint\",\"urlTemplate\":\"https:\/\/fruitorchard.pl\/?s={search_term_string}\"},\"query-input\":{\"@type\":\"PropertyValueSpecification\",\"valueRequired\":true,\"valueName\":\"search_term_string\"}}],\"inLanguage\":\"pl-PL\"},{\"@type\":\"Organization\",\"@id\":\"https:\/\/fruitorchard.pl\/#organization\",\"name\":\"Fruitorchard\",\"url\":\"https:\/\/fruitorchard.pl\/\",\"logo\":{\"@type\":\"ImageObject\",\"inLanguage\":\"pl-PL\",\"@id\":\"https:\/\/fruitorchard.pl\/#\/schema\/logo\/image\/\",\"url\":\"https:\/\/fruitorchard.pl\/wp-content\/uploads\/2024\/02\/FruitOrchard_by_Miastkowska_RGB_przezroczyste_tlo-e1637748590714.png\",\"contentUrl\":\"https:\/\/fruitorchard.pl\/wp-content\/uploads\/2024\/02\/FruitOrchard_by_Miastkowska_RGB_przezroczyste_tlo-e1637748590714.png\",\"width\":3891,\"height\":926,\"caption\":\"Fruitorchard\"},\"image\":{\"@id\":\"https:\/\/fruitorchard.pl\/#\/schema\/logo\/image\/\"},\"sameAs\":[\"https:\/\/www.linkedin.com\/company\/fruit-orchard-by-miastkowska\/\",\"https:\/\/www.instagram.com\/fruitorchard_interiors\/\"]}]}<\/script>\n<!-- \/ Yoast SEO plugin. -->","yoast_head_json":{"title":"Nowy projekt biura - Fruitorchard","robots":{"index":"index","follow":"follow","max-snippet":"max-snippet:-1","max-image-preview":"max-image-preview:large","max-video-preview":"max-video-preview:-1"},"canonical":"https:\/\/fruitorchard.pl\/pl\/nasze-uslugi\/nowy-projekt-biura\/","og_locale":"pl_PL","og_type":"article","og_title":"Nowy projekt biura - Fruitorchard","og_description":"Miejsce szyte na miar\u0119, w kt\u00f3rym czujesz si\u0119 po prostu dobrze Nowy projekt biura Dobry projekt zawsze zaczyna si\u0119 od ludzi \u2013 od g\u0142\u0119bokiego zrozumienia potrzeb, cel\u00f3w, warto\u015bci i kultury u\u017cytkownik\u00f3w. Dlatego zawsze zaczynamy prac\u0119 od dok\u0142adnej analizy wszystkich scenariuszy u\u017cytkowania przestrzeni, przep\u0142yw\u00f3w pracy i g\u0142\u00f3wnych wyzwa\u0144. W przypadku biur oznacza to analiz\u0119 techniczn\u0105 i [&hellip;]","og_url":"https:\/\/fruitorchard.pl\/pl\/nasze-uslugi\/nowy-projekt-biura\/","og_site_name":"Fruitorchard","article_modified_time":"2025-10-08T20:27:03+00:00","og_image":[{"url":"https:\/\/fruitorchard.pl\/wp-content\/uploads\/2024\/05\/355A5884-1-min-1300x650.jpg","type":"","width":"","height":""}],"twitter_card":"summary_large_image","twitter_misc":{"Szacowany czas czytania":"2 minuty"},"schema":{"@context":"https:\/\/schema.org","@graph":[{"@type":"WebPage","@id":"https:\/\/fruitorchard.pl\/pl\/nasze-uslugi\/nowy-projekt-biura\/","url":"https:\/\/fruitorchard.pl\/pl\/nasze-uslugi\/nowy-projekt-biura\/","name":"Nowy projekt biura - Fruitorchard","isPartOf":{"@id":"https:\/\/fruitorchard.pl\/#website"},"primaryImageOfPage":{"@id":"https:\/\/fruitorchard.pl\/pl\/nasze-uslugi\/nowy-projekt-biura\/#primaryimage"},"image":{"@id":"https:\/\/fruitorchard.pl\/pl\/nasze-uslugi\/nowy-projekt-biura\/#primaryimage"},"thumbnailUrl":"https:\/\/fruitorchard.pl\/wp-content\/uploads\/2024\/05\/355A5884-1-min-1300x650.jpg","datePublished":"2024-05-12T13:34:23+00:00","dateModified":"2025-10-08T20:27:03+00:00","breadcrumb":{"@id":"https:\/\/fruitorchard.pl\/pl\/nasze-uslugi\/nowy-projekt-biura\/#breadcrumb"},"inLanguage":"pl-PL","potentialAction":[{"@type":"ReadAction","target":["https:\/\/fruitorchard.pl\/pl\/nasze-uslugi\/nowy-projekt-biura\/"]}]},{"@type":"ImageObject","inLanguage":"pl-PL","@id":"https:\/\/fruitorchard.pl\/pl\/nasze-uslugi\/nowy-projekt-biura\/#primaryimage","url":"https:\/\/fruitorchard.pl\/wp-content\/uploads\/2024\/05\/355A5884-1-min-1300x650.jpg","contentUrl":"https:\/\/fruitorchard.pl\/wp-content\/uploads\/2024\/05\/355A5884-1-min-1300x650.jpg"},{"@type":"BreadcrumbList","@id":"https:\/\/fruitorchard.pl\/pl\/nasze-uslugi\/nowy-projekt-biura\/#breadcrumb","itemListElement":[{"@type":"ListItem","position":1,"name":"Home","item":"https:\/\/fruitorchard.pl\/pl\/"},{"@type":"ListItem","position":2,"name":"Nasze us\u0142ugi","item":"https:\/\/fruitorchard.pl\/pl\/nasze-uslugi\/"},{"@type":"ListItem","position":3,"name":"Nowy projekt biura"}]},{"@type":"WebSite","@id":"https:\/\/fruitorchard.pl\/#website","url":"https:\/\/fruitorchard.pl\/","name":"Fruitorchard","description":"Award winning interior design studio","publisher":{"@id":"https:\/\/fruitorchard.pl\/#organization"},"potentialAction":[{"@type":"SearchAction","target":{"@type":"EntryPoint","urlTemplate":"https:\/\/fruitorchard.pl\/?s={search_term_string}"},"query-input":{"@type":"PropertyValueSpecification","valueRequired":true,"valueName":"search_term_string"}}],"inLanguage":"pl-PL"},{"@type":"Organization","@id":"https:\/\/fruitorchard.pl\/#organization","name":"Fruitorchard","url":"https:\/\/fruitorchard.pl\/","logo":{"@type":"ImageObject","inLanguage":"pl-PL","@id":"https:\/\/fruitorchard.pl\/#\/schema\/logo\/image\/","url":"https:\/\/fruitorchard.pl\/wp-content\/uploads\/2024\/02\/FruitOrchard_by_Miastkowska_RGB_przezroczyste_tlo-e1637748590714.png","contentUrl":"https:\/\/fruitorchard.pl\/wp-content\/uploads\/2024\/02\/FruitOrchard_by_Miastkowska_RGB_przezroczyste_tlo-e1637748590714.png","width":3891,"height":926,"caption":"Fruitorchard"},"image":{"@id":"https:\/\/fruitorchard.pl\/#\/schema\/logo\/image\/"},"sameAs":["https:\/\/www.linkedin.com\/company\/fruit-orchard-by-miastkowska\/","https:\/\/www.instagram.com\/fruitorchard_interiors\/"]}]}},"_links":{"self":[{"href":"https:\/\/fruitorchard.pl\/pl\/wp-json\/wp\/v2\/pages\/12368","targetHints":{"allow":["GET"]}}],"collection":[{"href":"https:\/\/fruitorchard.pl\/pl\/wp-json\/wp\/v2\/pages"}],"about":[{"href":"https:\/\/fruitorchard.pl\/pl\/wp-json\/wp\/v2\/types\/page"}],"author":[{"embeddable":true,"href":"https:\/\/fruitorchard.pl\/pl\/wp-json\/wp\/v2\/users\/3"}],"replies":[{"embeddable":true,"href":"https:\/\/fruitorchard.pl\/pl\/wp-json\/wp\/v2\/comments?post=12368"}],"version-history":[{"count":17,"href":"https:\/\/fruitorchard.pl\/pl\/wp-json\/wp\/v2\/pages\/12368\/revisions"}],"predecessor-version":[{"id":12850,"href":"https:\/\/fruitorchard.pl\/pl\/wp-json\/wp\/v2\/pages\/12368\/revisions\/12850"}],"up":[{"embeddable":true,"href":"https:\/\/fruitorchard.pl\/pl\/wp-json\/wp\/v2\/pages\/12359"}],"wp:attachment":[{"href":"https:\/\/fruitorchard.pl\/pl\/wp-json\/wp\/v2\/media?parent=12368"}],"curies":[{"name":"wp","href":"https:\/\/api.w.org\/{rel}","templated":true}]}}