{"id":12365,"date":"2024-05-12T15:16:05","date_gmt":"2024-05-12T13:16:05","guid":{"rendered":"https:\/\/fruitorchard.pl\/nasze-uslugi\/zielony-design\/"},"modified":"2025-10-08T22:12:15","modified_gmt":"2025-10-08T20:12:15","slug":"zielony-design","status":"publish","type":"page","link":"https:\/\/fruitorchard.pl\/pl\/nasze-uslugi\/zielony-design\/","title":{"rendered":"Zielony design"},"content":{"rendered":"\t\t<div data-elementor-type=\"wp-page\" data-elementor-id=\"12365\" class=\"elementor elementor-12365 elementor-10285\">\n\t\t\t\t\t\t<section data-dynamic-background-color=\"#EAE4E4\" class=\"elementor-section elementor-top-section elementor-element elementor-element-f177ae1 elementor-section-full_width elementor-section-height-default elementor-section-height-default qodef-elementor-content-no qodef-elementor-column-no\" data-id=\"f177ae1\" data-element_type=\"section\" data-settings=\"{&quot;background_background&quot;:&quot;classic&quot;}\">\n\t\t\t\t\t\t<div class=\"elementor-container elementor-column-gap-default\">\n\t\t\t\t\t<div class=\"elementor-column elementor-col-100 elementor-top-column elementor-element elementor-element-a7d7ee9\" data-id=\"a7d7ee9\" data-element_type=\"column\">\n\t\t\t<div class=\"elementor-widget-wrap elementor-element-populated\">\n\t\t\t\t\t\t<div class=\"elementor-element elementor-element-014ecfe elementor-widget elementor-widget-text-editor\" data-id=\"014ecfe\" data-element_type=\"widget\" data-widget_type=\"text-editor.default\">\n\t\t\t\t<div class=\"elementor-widget-container\">\n\t\t\t\t\t\t\t\t\t<h4>Biuro dobre tak dla ludzi, jak i dla planety<\/h4><h4><span style=\"font-size: 48px;\">Zielony design<\/span><\/h4>\t\t\t\t\t\t\t\t<\/div>\n\t\t\t\t<\/div>\n\t\t\t\t\t<\/div>\n\t\t<\/div>\n\t\t\t\t\t<\/div>\n\t\t<\/section>\n\t\t\t\t<section data-dynamic-background-color=\"#EAE4E4\" class=\"elementor-section elementor-top-section elementor-element elementor-element-f81e6db elementor-section-full_width elementor-section-height-default elementor-section-height-default qodef-elementor-content-no qodef-elementor-column-no\" data-id=\"f81e6db\" data-element_type=\"section\" data-settings=\"{&quot;background_background&quot;:&quot;classic&quot;}\">\n\t\t\t\t\t\t<div class=\"elementor-container elementor-column-gap-default\">\n\t\t\t\t\t<div class=\"elementor-column elementor-col-50 elementor-top-column elementor-element elementor-element-fdd64de\" data-id=\"fdd64de\" data-element_type=\"column\">\n\t\t\t<div class=\"elementor-widget-wrap elementor-element-populated\">\n\t\t\t\t\t\t<div class=\"elementor-element elementor-element-a03a259 elementor-widget__width-initial elementor-widget elementor-widget-text-editor\" data-id=\"a03a259\" data-element_type=\"widget\" data-widget_type=\"text-editor.default\">\n\t\t\t\t<div class=\"elementor-widget-container\">\n\t\t\t\t\t\t\t\t\t<p class=\"whitespace-normal break-words\"><strong>&#8222;Green design&#8221; to nie stawianie kwiatk\u00f3w w biurze.<\/strong><\/p><p class=\"whitespace-normal break-words\">Chodzi o tworzenie przestrzeni, kt\u00f3re nie tylko wygl\u0105daj\u0105 zjawiskowo, ale r\u00f3wnie\u017c promuj\u0105 odpowiedzialno\u015b\u0107 za \u015brodowisko i dbaj\u0105 o samopoczucie ludzi.<\/p><p class=\"whitespace-normal break-words\"><strong>Zielony design to co\u015b wi\u0119cej ni\u017c estetyka \u2013 to zobowi\u0105zanie do tworzenia przestrzeni, kt\u00f3re \u0142\u0105cz\u0105 pi\u0119kno z trosk\u0105 o \u015brodowisko i dobrostan u\u017cytkownik\u00f3w.<\/strong> Zr\u00f3wnowa\u017cone projektowanie ma na celu minimalizacj\u0119 wp\u0142ywu biur na \u015brodowisko \u2013 zar\u00f3wno podczas ich aran\u017cacji, jak i u\u017cytkowania \u2013 stawiaj\u0105c na efektywno\u015b\u0107 energetyczn\u0105, ekologiczne materia\u0142y i zdrowie pracownik\u00f3w.<\/p><p class=\"whitespace-normal break-words\">Aby to osi\u0105gn\u0105\u0107, koncentrujemy si\u0119 na:<\/p><ul class=\"[&amp;:not(:last-child)_ul]:pb-1 [&amp;:not(:last-child)_ol]:pb-1 list-disc space-y-1.5 pl-7\"><li class=\"whitespace-normal break-words\"><strong>Efektywno\u015bci energetycznej:<\/strong> Stosujemy energooszcz\u0119dne o\u015bwietlenie i systemy grzewcze\/ch\u0142odz\u0105ce, by zmniejszy\u0107 zu\u017cycie energii i koszty, a jednocze\u015bnie maksymalizujemy dost\u0119p naturalnego \u015bwiat\u0142a dla zdrowszego \u015brodowiska w pomieszczeniach.<\/li><li class=\"whitespace-normal break-words\"><strong>Zr\u00f3wnowa\u017conych materia\u0142ach:<\/strong> Wybieramy ekologiczne, z recyklingu lub odnawialne materia\u0142y, by zminimalizowa\u0107 odpady i wp\u0142yw na \u015brodowisko.<\/li><li class=\"whitespace-normal break-words\"><strong>Ponownym wykorzystaniu i recyklingu:<\/strong> Promujemy ponowne u\u017cycie materia\u0142\u00f3w i mebli, by wyd\u0142u\u017cy\u0107 ich \u017cywotno\u015b\u0107 i wspiera\u0107 gospodark\u0119 obiegu zamkni\u0119tego.<\/li><li class=\"whitespace-normal break-words\"><strong>Projektowaniu biofilnym:<\/strong> Wprowadzamy naturalne elementy, takie jak zielone \u015bciany i ro\u015bliny doniczkowe, by poprawi\u0107 estetyk\u0119 oraz wspiera\u0107 dobre samopoczucie i produktywno\u015b\u0107.<\/li><\/ul><p><span style=\"color: #000000;\">.<\/span><\/p>\t\t\t\t\t\t\t\t<\/div>\n\t\t\t\t<\/div>\n\t\t\t\t\t<\/div>\n\t\t<\/div>\n\t\t\t\t<div class=\"elementor-column elementor-col-50 elementor-top-column elementor-element elementor-element-74c15c3\" data-id=\"74c15c3\" data-element_type=\"column\">\n\t\t\t<div class=\"elementor-widget-wrap elementor-element-populated\">\n\t\t\t\t\t\t<div class=\"elementor-element elementor-element-04e4f35 elementor-widget__width-auto elementor-widget elementor-widget-hiroshi_core_single_image\" data-id=\"04e4f35\" data-element_type=\"widget\" data-widget_type=\"hiroshi_core_single_image.default\">\n\t\t\t\t<div class=\"elementor-widget-container\">\n\t\t\t\t\t<div class=\"qodef-shortcode qodef-m  qodef-single-image qodef-layout--default   \">\n\t\t\t<div class=\"qodef-m-image\">\n\t\t\t\t\t\t\t\t<img fetchpriority=\"high\" decoding=\"async\" width=\"1920\" height=\"1281\" src=\"https:\/\/fruitorchard.pl\/wp-content\/uploads\/2023\/02\/NIK_4622-Edit.jpg\" class=\"attachment-full size-full\" alt=\"\" srcset=\"https:\/\/fruitorchard.pl\/wp-content\/uploads\/2023\/02\/NIK_4622-Edit.jpg 1920w, https:\/\/fruitorchard.pl\/wp-content\/uploads\/2023\/02\/NIK_4622-Edit-300x200.jpg 300w, https:\/\/fruitorchard.pl\/wp-content\/uploads\/2023\/02\/NIK_4622-Edit-1024x683.jpg 1024w, https:\/\/fruitorchard.pl\/wp-content\/uploads\/2023\/02\/NIK_4622-Edit-768x512.jpg 768w, https:\/\/fruitorchard.pl\/wp-content\/uploads\/2023\/02\/NIK_4622-Edit-1536x1025.jpg 1536w, https:\/\/fruitorchard.pl\/wp-content\/uploads\/2023\/02\/NIK_4622-Edit-600x400.jpg 600w\" sizes=\"(max-width: 1920px) 100vw, 1920px\" \/>\t\t\t\t\t\t\t<\/div>\n\t<\/div>\n\t\t\t\t<\/div>\n\t\t\t\t<\/div>\n\t\t\t\t\t<\/div>\n\t\t<\/div>\n\t\t\t\t\t<\/div>\n\t\t<\/section>\n\t\t<div class=\"elementor-element elementor-element-9417e7c e-con-full e-flex e-con e-parent\" data-id=\"9417e7c\" data-element_type=\"container\">\n\t\t<div class=\"elementor-element elementor-element-6a7c2d5 e-con-full e-flex e-con e-child\" data-id=\"6a7c2d5\" data-element_type=\"container\">\n\t\t\t\t<div class=\"elementor-element elementor-element-51e0882 elementor-widget__width-auto elementor-widget elementor-widget-hiroshi_core_single_image\" data-id=\"51e0882\" data-element_type=\"widget\" data-widget_type=\"hiroshi_core_single_image.default\">\n\t\t\t\t<div class=\"elementor-widget-container\">\n\t\t\t\t\t<div class=\"qodef-shortcode qodef-m  qodef-single-image qodef-layout--default   \">\n\t\t\t<div class=\"qodef-m-image\">\n\t\t\t\t\t\t\t\t<img decoding=\"async\" width=\"1281\" height=\"650\" src=\"https:\/\/fruitorchard.pl\/wp-content\/uploads\/2023\/02\/TenSquareGames11-1281x650.jpg\" class=\"attachment-hiroshi_core_image_size_landscape size-hiroshi_core_image_size_landscape\" alt=\"\" \/>\t\t\t\t\t\t\t<\/div>\n\t<\/div>\n\t\t\t\t<\/div>\n\t\t\t\t<\/div>\n\t\t\t\t<\/div>\n\t\t<div class=\"elementor-element elementor-element-82246ef e-con-full e-flex e-con e-child\" data-id=\"82246ef\" data-element_type=\"container\">\n\t\t\t\t<div class=\"elementor-element elementor-element-5feb7f2 elementor-widget__width-initial elementor-widget-tablet__width-inherit elementor-widget elementor-widget-text-editor\" data-id=\"5feb7f2\" data-element_type=\"widget\" data-widget_type=\"text-editor.default\">\n\t\t\t\t<div class=\"elementor-widget-container\">\n\t\t\t\t\t\t\t\t\t<p><span style=\"color: #000000;\"><b>Studium przypadku:<\/b><\/span><\/p><p class=\"p1\"><span style=\"color: #000000;\">W ostatnim projekcie z Ten Square Games skrupulatnie mierzyli\u015bmy \u015blad w\u0119glowy ka\u017cdego etapu, osi\u0105gaj\u0105c ca\u0142kowit\u0105 redukcj\u0119 emisji o 38,8 ton CO2.<\/span><\/p><p class=\"p1\"><span style=\"color: #000000;\">Podczas projektowania wielokrotnie decydowali\u015bmy si\u0119 na ponowne wykorzystanie istniej\u0105cych element\u00f3w \u2013 cz\u0119\u015bciowo zachowali\u015bmy \u015bciany, wyk\u0142adziny, sufity modu\u0142owe czy instalacje. Dla u\u017cytkownik\u00f3w jest to jednak praktycznie niewidoczne, bo ca\u0142e biuro zosta\u0142o wymy\u015blone od nowa, z my\u015bl\u0105 o nowych funkcjach i odzwierciedleniu nowoczesnego charakteru marki. <\/span><\/p><p class=\"p1\"><span style=\"color: #000000;\">U\u017cyli\u015bmy mi\u0119dzy innymi du\u0144skich wyk\u0142adzin Ege, zaprojektowanych specjalnie na potrzeby tego projektu. Poniewa\u017c znalaz\u0142y si\u0119 na pod\u0142ogach, a cz\u0119\u015bciowo tak\u017ce na \u015bcianach ze specjaln\u0105 podk\u0142adk\u0105 akustyczn\u0105, dodatkowo poprawiaj\u0105 komfort pomieszcze\u0144. Wyk\u0142adziny nie tylko maj\u0105 certyfikat Cradle2Cradle, ale s\u0105 te\u017c wykonane z przetworzonych sieci rybackich i butelek PET. <\/span><\/p>\t\t\t\t\t\t\t\t<\/div>\n\t\t\t\t<\/div>\n\t\t\t\t<\/div>\n\t\t\t\t<\/div>\n\t\t\t\t<section data-dynamic-background-color=\"#FFFFFF\" class=\"elementor-section elementor-top-section elementor-element elementor-element-1388a38 elementor-section-boxed elementor-section-height-default elementor-section-height-default qodef-elementor-content-no qodef-elementor-column-no\" data-id=\"1388a38\" data-element_type=\"section\">\n\t\t\t\t\t\t<div class=\"elementor-container elementor-column-gap-default\">\n\t\t\t\t\t<div class=\"elementor-column elementor-col-100 elementor-top-column elementor-element elementor-element-762dfa0\" data-id=\"762dfa0\" data-element_type=\"column\">\n\t\t\t<div class=\"elementor-widget-wrap elementor-element-populated\">\n\t\t\t\t\t\t<div class=\"elementor-element elementor-element-7934c83 elementor-widget elementor-widget-text-editor\" data-id=\"7934c83\" data-element_type=\"widget\" data-widget_type=\"text-editor.default\">\n\t\t\t\t<div class=\"elementor-widget-container\">\n\t\t\t\t\t\t\t\t\t<h5 class=\"p1\"><span style=\"color: #000000;\">Chcesz przekszta\u0142ci\u0107 biuro w zr\u00f3wnowa\u017con\u0105 przestrze\u0144? Jeste\u015bmy tu, by Ci pom\u00f3c!<\/span><\/h5><h3>Skontaktuj si\u0119 z nami &#8211; pierwsza konsultacja jest bezp\u0142atna<\/h3>\t\t\t\t\t\t\t\t<\/div>\n\t\t\t\t<\/div>\n\t\t\t\t<div class=\"elementor-element elementor-element-016f681 elementor-widget elementor-widget-hiroshi_core_button\" data-id=\"016f681\" data-element_type=\"widget\" data-widget_type=\"hiroshi_core_button.default\">\n\t\t\t\t<div class=\"elementor-widget-container\">\n\t\t\t\t\t<a class=\"qodef-shortcode qodef-m  qodef-button qodef-layout--textual  qodef-html--link\" href=\"https:\/\/fruitorchard.pl\/pl\/skontaktuj-sie-z-nami\/\" target=\"_self\"  >\n\t<span class=\"qodef-m-text\">skontaktuj si\u0119 z nami<\/span>\n<\/a>\n\t\t\t\t<\/div>\n\t\t\t\t<\/div>\n\t\t\t\t\t<\/div>\n\t\t<\/div>\n\t\t\t\t\t<\/div>\n\t\t<\/section>\n\t\t\t\t<\/div>\n\t\t","protected":false},"excerpt":{"rendered":"<p>Biuro dobre tak dla ludzi, jak i dla planety Zielony design &#8222;Green design&#8221; to nie stawianie kwiatk\u00f3w w biurze. Chodzi o tworzenie przestrzeni, kt\u00f3re nie tylko wygl\u0105daj\u0105 zjawiskowo, ale r\u00f3wnie\u017c promuj\u0105 odpowiedzialno\u015b\u0107 za \u015brodowisko i dbaj\u0105 o samopoczucie ludzi. Zielony design to co\u015b wi\u0119cej ni\u017c estetyka \u2013 to zobowi\u0105zanie do tworzenia przestrzeni, kt\u00f3re \u0142\u0105cz\u0105 pi\u0119kno [&hellip;]<\/p>\n","protected":false},"author":3,"featured_media":0,"parent":12359,"menu_order":0,"comment_status":"closed","ping_status":"closed","template":"page-full-width.php","meta":{"footnotes":""},"class_list":["post-12365","page","type-page","status-publish","hentry"],"yoast_head":"<!-- This site is optimized with the Yoast SEO plugin v25.7 - https:\/\/yoast.com\/wordpress\/plugins\/seo\/ -->\n<title>Zielony design - Fruitorchard<\/title>\n<meta name=\"robots\" content=\"index, follow, max-snippet:-1, max-image-preview:large, max-video-preview:-1\" \/>\n<link rel=\"canonical\" href=\"https:\/\/fruitorchard.pl\/pl\/nasze-uslugi\/zielony-design\/\" \/>\n<meta property=\"og:locale\" content=\"pl_PL\" \/>\n<meta property=\"og:type\" content=\"article\" \/>\n<meta property=\"og:title\" content=\"Zielony design - Fruitorchard\" \/>\n<meta property=\"og:description\" content=\"Biuro dobre tak dla ludzi, jak i dla planety Zielony design &#8222;Green design&#8221; to nie stawianie kwiatk\u00f3w w biurze. Chodzi o tworzenie przestrzeni, kt\u00f3re nie tylko wygl\u0105daj\u0105 zjawiskowo, ale r\u00f3wnie\u017c promuj\u0105 odpowiedzialno\u015b\u0107 za \u015brodowisko i dbaj\u0105 o samopoczucie ludzi. Zielony design to co\u015b wi\u0119cej ni\u017c estetyka \u2013 to zobowi\u0105zanie do tworzenia przestrzeni, kt\u00f3re \u0142\u0105cz\u0105 pi\u0119kno [&hellip;]\" \/>\n<meta property=\"og:url\" content=\"https:\/\/fruitorchard.pl\/pl\/nasze-uslugi\/zielony-design\/\" \/>\n<meta property=\"og:site_name\" content=\"Fruitorchard\" \/>\n<meta property=\"article:modified_time\" content=\"2025-10-08T20:12:15+00:00\" \/>\n<meta property=\"og:image\" content=\"https:\/\/fruitorchard.pl\/wp-content\/uploads\/2023\/02\/NIK_4622-Edit.jpg\" \/>\n<meta name=\"twitter:card\" content=\"summary_large_image\" \/>\n<meta name=\"twitter:label1\" content=\"Szacowany czas czytania\" \/>\n\t<meta name=\"twitter:data1\" content=\"3 minuty\" \/>\n<script type=\"application\/ld+json\" class=\"yoast-schema-graph\">{\"@context\":\"https:\/\/schema.org\",\"@graph\":[{\"@type\":\"WebPage\",\"@id\":\"https:\/\/fruitorchard.pl\/pl\/nasze-uslugi\/zielony-design\/\",\"url\":\"https:\/\/fruitorchard.pl\/pl\/nasze-uslugi\/zielony-design\/\",\"name\":\"Zielony design - Fruitorchard\",\"isPartOf\":{\"@id\":\"https:\/\/fruitorchard.pl\/#website\"},\"primaryImageOfPage\":{\"@id\":\"https:\/\/fruitorchard.pl\/pl\/nasze-uslugi\/zielony-design\/#primaryimage\"},\"image\":{\"@id\":\"https:\/\/fruitorchard.pl\/pl\/nasze-uslugi\/zielony-design\/#primaryimage\"},\"thumbnailUrl\":\"https:\/\/fruitorchard.pl\/wp-content\/uploads\/2023\/02\/NIK_4622-Edit.jpg\",\"datePublished\":\"2024-05-12T13:16:05+00:00\",\"dateModified\":\"2025-10-08T20:12:15+00:00\",\"breadcrumb\":{\"@id\":\"https:\/\/fruitorchard.pl\/pl\/nasze-uslugi\/zielony-design\/#breadcrumb\"},\"inLanguage\":\"pl-PL\",\"potentialAction\":[{\"@type\":\"ReadAction\",\"target\":[\"https:\/\/fruitorchard.pl\/pl\/nasze-uslugi\/zielony-design\/\"]}]},{\"@type\":\"ImageObject\",\"inLanguage\":\"pl-PL\",\"@id\":\"https:\/\/fruitorchard.pl\/pl\/nasze-uslugi\/zielony-design\/#primaryimage\",\"url\":\"https:\/\/fruitorchard.pl\/wp-content\/uploads\/2023\/02\/NIK_4622-Edit.jpg\",\"contentUrl\":\"https:\/\/fruitorchard.pl\/wp-content\/uploads\/2023\/02\/NIK_4622-Edit.jpg\"},{\"@type\":\"BreadcrumbList\",\"@id\":\"https:\/\/fruitorchard.pl\/pl\/nasze-uslugi\/zielony-design\/#breadcrumb\",\"itemListElement\":[{\"@type\":\"ListItem\",\"position\":1,\"name\":\"Home\",\"item\":\"https:\/\/fruitorchard.pl\/pl\/\"},{\"@type\":\"ListItem\",\"position\":2,\"name\":\"Nasze us\u0142ugi\",\"item\":\"https:\/\/fruitorchard.pl\/pl\/nasze-uslugi\/\"},{\"@type\":\"ListItem\",\"position\":3,\"name\":\"Zielony design\"}]},{\"@type\":\"WebSite\",\"@id\":\"https:\/\/fruitorchard.pl\/#website\",\"url\":\"https:\/\/fruitorchard.pl\/\",\"name\":\"Fruitorchard\",\"description\":\"Award winning interior design studio\",\"publisher\":{\"@id\":\"https:\/\/fruitorchard.pl\/#organization\"},\"potentialAction\":[{\"@type\":\"SearchAction\",\"target\":{\"@type\":\"EntryPoint\",\"urlTemplate\":\"https:\/\/fruitorchard.pl\/?s={search_term_string}\"},\"query-input\":{\"@type\":\"PropertyValueSpecification\",\"valueRequired\":true,\"valueName\":\"search_term_string\"}}],\"inLanguage\":\"pl-PL\"},{\"@type\":\"Organization\",\"@id\":\"https:\/\/fruitorchard.pl\/#organization\",\"name\":\"Fruitorchard\",\"url\":\"https:\/\/fruitorchard.pl\/\",\"logo\":{\"@type\":\"ImageObject\",\"inLanguage\":\"pl-PL\",\"@id\":\"https:\/\/fruitorchard.pl\/#\/schema\/logo\/image\/\",\"url\":\"https:\/\/fruitorchard.pl\/wp-content\/uploads\/2024\/02\/FruitOrchard_by_Miastkowska_RGB_przezroczyste_tlo-e1637748590714.png\",\"contentUrl\":\"https:\/\/fruitorchard.pl\/wp-content\/uploads\/2024\/02\/FruitOrchard_by_Miastkowska_RGB_przezroczyste_tlo-e1637748590714.png\",\"width\":3891,\"height\":926,\"caption\":\"Fruitorchard\"},\"image\":{\"@id\":\"https:\/\/fruitorchard.pl\/#\/schema\/logo\/image\/\"},\"sameAs\":[\"https:\/\/www.linkedin.com\/company\/fruit-orchard-by-miastkowska\/\",\"https:\/\/www.instagram.com\/fruitorchard_interiors\/\"]}]}<\/script>\n<!-- \/ Yoast SEO plugin. -->","yoast_head_json":{"title":"Zielony design - Fruitorchard","robots":{"index":"index","follow":"follow","max-snippet":"max-snippet:-1","max-image-preview":"max-image-preview:large","max-video-preview":"max-video-preview:-1"},"canonical":"https:\/\/fruitorchard.pl\/pl\/nasze-uslugi\/zielony-design\/","og_locale":"pl_PL","og_type":"article","og_title":"Zielony design - Fruitorchard","og_description":"Biuro dobre tak dla ludzi, jak i dla planety Zielony design &#8222;Green design&#8221; to nie stawianie kwiatk\u00f3w w biurze. Chodzi o tworzenie przestrzeni, kt\u00f3re nie tylko wygl\u0105daj\u0105 zjawiskowo, ale r\u00f3wnie\u017c promuj\u0105 odpowiedzialno\u015b\u0107 za \u015brodowisko i dbaj\u0105 o samopoczucie ludzi. Zielony design to co\u015b wi\u0119cej ni\u017c estetyka \u2013 to zobowi\u0105zanie do tworzenia przestrzeni, kt\u00f3re \u0142\u0105cz\u0105 pi\u0119kno [&hellip;]","og_url":"https:\/\/fruitorchard.pl\/pl\/nasze-uslugi\/zielony-design\/","og_site_name":"Fruitorchard","article_modified_time":"2025-10-08T20:12:15+00:00","og_image":[{"url":"https:\/\/fruitorchard.pl\/wp-content\/uploads\/2023\/02\/NIK_4622-Edit.jpg","type":"","width":"","height":""}],"twitter_card":"summary_large_image","twitter_misc":{"Szacowany czas czytania":"3 minuty"},"schema":{"@context":"https:\/\/schema.org","@graph":[{"@type":"WebPage","@id":"https:\/\/fruitorchard.pl\/pl\/nasze-uslugi\/zielony-design\/","url":"https:\/\/fruitorchard.pl\/pl\/nasze-uslugi\/zielony-design\/","name":"Zielony design - Fruitorchard","isPartOf":{"@id":"https:\/\/fruitorchard.pl\/#website"},"primaryImageOfPage":{"@id":"https:\/\/fruitorchard.pl\/pl\/nasze-uslugi\/zielony-design\/#primaryimage"},"image":{"@id":"https:\/\/fruitorchard.pl\/pl\/nasze-uslugi\/zielony-design\/#primaryimage"},"thumbnailUrl":"https:\/\/fruitorchard.pl\/wp-content\/uploads\/2023\/02\/NIK_4622-Edit.jpg","datePublished":"2024-05-12T13:16:05+00:00","dateModified":"2025-10-08T20:12:15+00:00","breadcrumb":{"@id":"https:\/\/fruitorchard.pl\/pl\/nasze-uslugi\/zielony-design\/#breadcrumb"},"inLanguage":"pl-PL","potentialAction":[{"@type":"ReadAction","target":["https:\/\/fruitorchard.pl\/pl\/nasze-uslugi\/zielony-design\/"]}]},{"@type":"ImageObject","inLanguage":"pl-PL","@id":"https:\/\/fruitorchard.pl\/pl\/nasze-uslugi\/zielony-design\/#primaryimage","url":"https:\/\/fruitorchard.pl\/wp-content\/uploads\/2023\/02\/NIK_4622-Edit.jpg","contentUrl":"https:\/\/fruitorchard.pl\/wp-content\/uploads\/2023\/02\/NIK_4622-Edit.jpg"},{"@type":"BreadcrumbList","@id":"https:\/\/fruitorchard.pl\/pl\/nasze-uslugi\/zielony-design\/#breadcrumb","itemListElement":[{"@type":"ListItem","position":1,"name":"Home","item":"https:\/\/fruitorchard.pl\/pl\/"},{"@type":"ListItem","position":2,"name":"Nasze us\u0142ugi","item":"https:\/\/fruitorchard.pl\/pl\/nasze-uslugi\/"},{"@type":"ListItem","position":3,"name":"Zielony design"}]},{"@type":"WebSite","@id":"https:\/\/fruitorchard.pl\/#website","url":"https:\/\/fruitorchard.pl\/","name":"Fruitorchard","description":"Award winning interior design studio","publisher":{"@id":"https:\/\/fruitorchard.pl\/#organization"},"potentialAction":[{"@type":"SearchAction","target":{"@type":"EntryPoint","urlTemplate":"https:\/\/fruitorchard.pl\/?s={search_term_string}"},"query-input":{"@type":"PropertyValueSpecification","valueRequired":true,"valueName":"search_term_string"}}],"inLanguage":"pl-PL"},{"@type":"Organization","@id":"https:\/\/fruitorchard.pl\/#organization","name":"Fruitorchard","url":"https:\/\/fruitorchard.pl\/","logo":{"@type":"ImageObject","inLanguage":"pl-PL","@id":"https:\/\/fruitorchard.pl\/#\/schema\/logo\/image\/","url":"https:\/\/fruitorchard.pl\/wp-content\/uploads\/2024\/02\/FruitOrchard_by_Miastkowska_RGB_przezroczyste_tlo-e1637748590714.png","contentUrl":"https:\/\/fruitorchard.pl\/wp-content\/uploads\/2024\/02\/FruitOrchard_by_Miastkowska_RGB_przezroczyste_tlo-e1637748590714.png","width":3891,"height":926,"caption":"Fruitorchard"},"image":{"@id":"https:\/\/fruitorchard.pl\/#\/schema\/logo\/image\/"},"sameAs":["https:\/\/www.linkedin.com\/company\/fruit-orchard-by-miastkowska\/","https:\/\/www.instagram.com\/fruitorchard_interiors\/"]}]}},"_links":{"self":[{"href":"https:\/\/fruitorchard.pl\/pl\/wp-json\/wp\/v2\/pages\/12365","targetHints":{"allow":["GET"]}}],"collection":[{"href":"https:\/\/fruitorchard.pl\/pl\/wp-json\/wp\/v2\/pages"}],"about":[{"href":"https:\/\/fruitorchard.pl\/pl\/wp-json\/wp\/v2\/types\/page"}],"author":[{"embeddable":true,"href":"https:\/\/fruitorchard.pl\/pl\/wp-json\/wp\/v2\/users\/3"}],"replies":[{"embeddable":true,"href":"https:\/\/fruitorchard.pl\/pl\/wp-json\/wp\/v2\/comments?post=12365"}],"version-history":[{"count":12,"href":"https:\/\/fruitorchard.pl\/pl\/wp-json\/wp\/v2\/pages\/12365\/revisions"}],"predecessor-version":[{"id":12841,"href":"https:\/\/fruitorchard.pl\/pl\/wp-json\/wp\/v2\/pages\/12365\/revisions\/12841"}],"up":[{"embeddable":true,"href":"https:\/\/fruitorchard.pl\/pl\/wp-json\/wp\/v2\/pages\/12359"}],"wp:attachment":[{"href":"https:\/\/fruitorchard.pl\/pl\/wp-json\/wp\/v2\/media?parent=12365"}],"curies":[{"name":"wp","href":"https:\/\/api.w.org\/{rel}","templated":true}]}}