{"id":12363,"date":"2024-05-11T12:50:05","date_gmt":"2024-05-11T10:50:05","guid":{"rendered":"https:\/\/fruitorchard.pl\/nasze-uslugi\/optymalizacja-biura\/"},"modified":"2025-10-08T22:23:40","modified_gmt":"2025-10-08T20:23:40","slug":"optymalizacja-biura","status":"publish","type":"page","link":"https:\/\/fruitorchard.pl\/pl\/nasze-uslugi\/optymalizacja-biura\/","title":{"rendered":"Optymalizacja biura"},"content":{"rendered":"\t\t<div data-elementor-type=\"wp-page\" data-elementor-id=\"12363\" class=\"elementor elementor-12363 elementor-10254\">\n\t\t\t\t\t\t<section data-dynamic-background-color=\"#EAE4E4\" class=\"elementor-section elementor-top-section elementor-element elementor-element-f177ae1 elementor-section-full_width elementor-section-height-default elementor-section-height-default qodef-elementor-content-no qodef-elementor-column-no\" data-id=\"f177ae1\" data-element_type=\"section\" data-settings=\"{&quot;background_background&quot;:&quot;classic&quot;}\">\n\t\t\t\t\t\t<div class=\"elementor-container elementor-column-gap-default\">\n\t\t\t\t\t<div class=\"elementor-column elementor-col-100 elementor-top-column elementor-element elementor-element-a7d7ee9\" data-id=\"a7d7ee9\" data-element_type=\"column\">\n\t\t\t<div class=\"elementor-widget-wrap elementor-element-populated\">\n\t\t\t\t\t\t<div class=\"elementor-element elementor-element-014ecfe elementor-widget elementor-widget-text-editor\" data-id=\"014ecfe\" data-element_type=\"widget\" data-widget_type=\"text-editor.default\">\n\t\t\t\t<div class=\"elementor-widget-container\">\n\t\t\t\t\t\t\t\t\t<h4>Zwi\u0119ksz efektywno\u015b\u0107 swojej powierzchni biurowej<\/h4><h4><span style=\"font-size: 48px;\">Optymalizacja biura<\/span><\/h4>\t\t\t\t\t\t\t\t<\/div>\n\t\t\t\t<\/div>\n\t\t\t\t\t<\/div>\n\t\t<\/div>\n\t\t\t\t\t<\/div>\n\t\t<\/section>\n\t\t\t\t<section data-dynamic-background-color=\"#EAE4E4\" class=\"elementor-section elementor-top-section elementor-element elementor-element-f81e6db elementor-section-full_width elementor-section-height-default elementor-section-height-default qodef-elementor-content-no qodef-elementor-column-no\" data-id=\"f81e6db\" data-element_type=\"section\" data-settings=\"{&quot;background_background&quot;:&quot;classic&quot;}\">\n\t\t\t\t\t\t<div class=\"elementor-container elementor-column-gap-default\">\n\t\t\t\t\t<div class=\"elementor-column elementor-col-50 elementor-top-column elementor-element elementor-element-fdd64de\" data-id=\"fdd64de\" data-element_type=\"column\">\n\t\t\t<div class=\"elementor-widget-wrap elementor-element-populated\">\n\t\t\t\t\t\t<div class=\"elementor-element elementor-element-a03a259 elementor-widget__width-initial elementor-widget elementor-widget-text-editor\" data-id=\"a03a259\" data-element_type=\"widget\" data-widget_type=\"text-editor.default\">\n\t\t\t\t<div class=\"elementor-widget-container\">\n\t\t\t\t\t\t\t\t\t<p><span style=\"font-weight: 400; color: #000000;\">Czy Twoje biuro nadal \u017cyje w erze sprzed COVID, tkwi\u0105c w czasach, gdy praca hybrydowa i zdalna by\u0142a tylko futurystycznym pomys\u0142em? Je\u015bli tak, to by\u0107 mo\u017ce trzeba to przemy\u015ble\u0107. <\/span><\/p><p><span style=\"font-weight: 400; color: #000000;\">Wiele miejsc pracy n\u0119ka zmarnowana przestrze\u0144, zniech\u0119caj\u0105ca atmosfera i przestarza\u0142y uk\u0142ad, kt\u00f3ry po prostu ju\u017c nie dzia\u0142a. <\/span><\/p><p><span style=\"font-weight: 400; color: #000000;\">Oto najcz\u0119stsze problemy:<\/span><\/p><ul><li class=\"whitespace-normal break-words\">Marnowana przestrze\u0144 i wysokie koszty przy obecnym uk\u0142adzie biura<\/li><li class=\"whitespace-normal break-words\">Puste pomieszczenia, opuszczone biurka i og\u00f3lnie ponura atmosfera<\/li><li class=\"whitespace-normal break-words\">Nieustanna walka o efektywno\u015b\u0107 i produktywno\u015b\u0107<\/li><li class=\"whitespace-normal break-words\">Uk\u0142ad biura tak elastyczny jak kamie\u0144 w rzece<\/li><\/ul><p><span style=\"color: #374151; font-size: 12pt; white-space-collapse: preserve; font-family: var( --e-global-typography-text-font-family ), Sans-serif;\"><b>Ale dobra wiadomo\u015b\u0107 jest taka, \u017ce mo\u017cna to naprawi\u0107. <br \/><\/b><\/span><b style=\"color: #374151; font-family: var( --e-global-typography-text-font-family ), Sans-serif; font-size: 12pt; white-space-collapse: preserve;\">I nie, nie musisz si\u0119 pakowa\u0107 i przenosi\u0107 do nowego biura.<\/b><\/p>\t\t\t\t\t\t\t\t<\/div>\n\t\t\t\t<\/div>\n\t\t\t\t\t<\/div>\n\t\t<\/div>\n\t\t\t\t<div class=\"elementor-column elementor-col-50 elementor-top-column elementor-element elementor-element-74c15c3\" data-id=\"74c15c3\" data-element_type=\"column\">\n\t\t\t<div class=\"elementor-widget-wrap elementor-element-populated\">\n\t\t\t\t\t\t<div class=\"elementor-element elementor-element-04e4f35 elementor-widget__width-auto elementor-widget elementor-widget-hiroshi_core_single_image\" data-id=\"04e4f35\" data-element_type=\"widget\" data-widget_type=\"hiroshi_core_single_image.default\">\n\t\t\t\t<div class=\"elementor-widget-container\">\n\t\t\t\t\t<div class=\"qodef-shortcode qodef-m  qodef-single-image qodef-layout--default   \">\n\t\t\t<div class=\"qodef-m-image\">\n\t\t\t\t\t\t\t\t<img fetchpriority=\"high\" decoding=\"async\" width=\"1300\" height=\"650\" src=\"https:\/\/fruitorchard.pl\/wp-content\/uploads\/2023\/02\/NIK_4632-1300x650.jpg\" class=\"attachment-hiroshi_core_image_size_landscape size-hiroshi_core_image_size_landscape\" alt=\"\" \/>\t\t\t\t\t\t\t<\/div>\n\t<\/div>\n\t\t\t\t<\/div>\n\t\t\t\t<\/div>\n\t\t\t\t\t<\/div>\n\t\t<\/div>\n\t\t\t\t\t<\/div>\n\t\t<\/section>\n\t\t<div class=\"elementor-element elementor-element-9417e7c e-con-full e-flex e-con e-parent\" data-id=\"9417e7c\" data-element_type=\"container\">\n\t\t<div class=\"elementor-element elementor-element-6a7c2d5 e-con-full e-flex e-con e-child\" data-id=\"6a7c2d5\" data-element_type=\"container\">\n\t\t\t\t<div class=\"elementor-element elementor-element-51e0882 elementor-widget__width-auto elementor-widget elementor-widget-hiroshi_core_single_image\" data-id=\"51e0882\" data-element_type=\"widget\" data-widget_type=\"hiroshi_core_single_image.default\">\n\t\t\t\t<div class=\"elementor-widget-container\">\n\t\t\t\t\t<div class=\"qodef-shortcode qodef-m  qodef-single-image qodef-layout--default   \">\n\t\t\t<div class=\"qodef-m-image\">\n\t\t\t\t\t\t\t\t<img decoding=\"async\" width=\"1300\" height=\"650\" src=\"https:\/\/fruitorchard.pl\/wp-content\/uploads\/2022\/12\/NIK_4622-Edit-1300x650.jpeg\" class=\"attachment-hiroshi_core_image_size_landscape size-hiroshi_core_image_size_landscape\" alt=\"\" \/>\t\t\t\t\t\t\t<\/div>\n\t<\/div>\n\t\t\t\t<\/div>\n\t\t\t\t<\/div>\n\t\t\t\t<\/div>\n\t\t<div class=\"elementor-element elementor-element-82246ef e-con-full e-flex e-con e-child\" data-id=\"82246ef\" data-element_type=\"container\">\n\t\t\t\t<div class=\"elementor-element elementor-element-5feb7f2 elementor-widget__width-initial elementor-widget-tablet__width-inherit elementor-widget elementor-widget-text-editor\" data-id=\"5feb7f2\" data-element_type=\"widget\" data-widget_type=\"text-editor.default\">\n\t\t\t\t<div class=\"elementor-widget-container\">\n\t\t\t\t\t\t\t\t\t<p><span style=\"color: #000000;\"><b>Jak mo\u017cemy pom\u00f3c:<\/b><\/span><\/p><p><span style=\"color: #000000;\">Nasz zesp\u00f3\u0142 projektant\u00f3w i ekspert\u00f3w od workplace przeanalizuje funkcje Twojego biura, potrzeby r\u00f3\u017cnych zespo\u0142\u00f3w czy dzia\u0142\u00f3w oraz braki i nieefektywno\u015bci obecnego uk\u0142adu. Dopiero wtedy zaproponujemy rozwi\u0105zania projektowe i wsp\u00f3lnie popracujemy nad metamorfoz\u0105 przestrzeni, kt\u00f3ra idealnie wpasuje si\u0119 w Twoje cele. Efektywno\u015b\u0107 jest kluczowa, wi\u0119c wszystkie materia\u0142y i wyposa\u017cenie, kt\u00f3re sprawdz\u0105 si\u0119 w nowym uk\u0142adzie, zostan\u0105 ponownie wykorzystane.<\/span><\/p><p><span style=\"font-weight: 400; color: #000000;\">Co z tego b\u0119dziesz mia\u0142?<\/span><\/p><ul><li style=\"font-weight: 400;\" aria-level=\"1\"><span style=\"font-weight: 400; color: #000000;\">Zauwa\u017calny wzrost produktywno\u015bci<\/span><\/li><li style=\"font-weight: 400;\" aria-level=\"1\"><span style=\"font-weight: 400; color: #000000;\">Redukcja niepotrzebnych koszt\u00f3w<\/span><\/li><li style=\"font-weight: 400;\" aria-level=\"1\"><span style=\"font-weight: 400; color: #000000;\">Potencjalny doch\u00f3d z podnajmu niewykorzystanych powierzchni<\/span><\/li><\/ul><p><span style=\"font-weight: 400; color: #000000;\">I&#8230; wisienka na torcie: <strong>Twoje odmienione biuro b\u0119dzie t\u0119tni\u0105c\u0105 \u017cyciem i pi\u0119kn\u0105 przestrzeni\u0105.<\/strong><\/span><\/p>\t\t\t\t\t\t\t\t<\/div>\n\t\t\t\t<\/div>\n\t\t\t\t<\/div>\n\t\t\t\t<\/div>\n\t\t\t\t<section data-dynamic-background-color=\"#FFFFFF\" class=\"elementor-section elementor-top-section elementor-element elementor-element-1388a38 elementor-section-boxed elementor-section-height-default elementor-section-height-default qodef-elementor-content-no qodef-elementor-column-no\" data-id=\"1388a38\" data-element_type=\"section\">\n\t\t\t\t\t\t<div class=\"elementor-container elementor-column-gap-default\">\n\t\t\t\t\t<div class=\"elementor-column elementor-col-100 elementor-top-column elementor-element elementor-element-762dfa0\" data-id=\"762dfa0\" data-element_type=\"column\">\n\t\t\t<div class=\"elementor-widget-wrap elementor-element-populated\">\n\t\t\t\t\t\t<div class=\"elementor-element elementor-element-7934c83 elementor-widget elementor-widget-text-editor\" data-id=\"7934c83\" data-element_type=\"widget\" data-widget_type=\"text-editor.default\">\n\t\t\t\t<div class=\"elementor-widget-container\">\n\t\t\t\t\t\t\t\t\t<h4>Nie wiesz, od czego zacz\u0105\u0107?<\/h4><h3><span style=\"font-size: 38px;\">Skontaktuj si\u0119 z nami &#8211; pierwsza konsultacja jest bezp\u0142atna<\/span><\/h3>\t\t\t\t\t\t\t\t<\/div>\n\t\t\t\t<\/div>\n\t\t\t\t<div class=\"elementor-element elementor-element-016f681 elementor-widget elementor-widget-hiroshi_core_button\" data-id=\"016f681\" data-element_type=\"widget\" data-widget_type=\"hiroshi_core_button.default\">\n\t\t\t\t<div class=\"elementor-widget-container\">\n\t\t\t\t\t<a class=\"qodef-shortcode qodef-m  qodef-button qodef-layout--textual  qodef-html--link\" href=\"https:\/\/fruitorchard.pl\/pl\/skontaktuj-sie-z-nami\/\" target=\"_self\"  >\n\t<span class=\"qodef-m-text\">skontaktuj si\u0119 z nami<\/span>\n<\/a>\n\t\t\t\t<\/div>\n\t\t\t\t<\/div>\n\t\t\t\t\t<\/div>\n\t\t<\/div>\n\t\t\t\t\t<\/div>\n\t\t<\/section>\n\t\t\t\t<\/div>\n\t\t","protected":false},"excerpt":{"rendered":"<p>Zwi\u0119ksz efektywno\u015b\u0107 swojej powierzchni biurowej Optymalizacja biura Czy Twoje biuro nadal \u017cyje w erze sprzed COVID, tkwi\u0105c w czasach, gdy praca hybrydowa i zdalna by\u0142a tylko futurystycznym pomys\u0142em? Je\u015bli tak, to by\u0107 mo\u017ce trzeba to przemy\u015ble\u0107. Wiele miejsc pracy n\u0119ka zmarnowana przestrze\u0144, zniech\u0119caj\u0105ca atmosfera i przestarza\u0142y uk\u0142ad, kt\u00f3ry po prostu ju\u017c nie dzia\u0142a. Oto najcz\u0119stsze [&hellip;]<\/p>\n","protected":false},"author":3,"featured_media":0,"parent":12359,"menu_order":0,"comment_status":"closed","ping_status":"closed","template":"page-full-width.php","meta":{"footnotes":""},"class_list":["post-12363","page","type-page","status-publish","hentry"],"yoast_head":"<!-- This site is optimized with the Yoast SEO plugin v25.7 - https:\/\/yoast.com\/wordpress\/plugins\/seo\/ -->\n<title>Optymalizacja biura - Fruitorchard<\/title>\n<meta name=\"robots\" content=\"index, follow, max-snippet:-1, max-image-preview:large, max-video-preview:-1\" \/>\n<link rel=\"canonical\" href=\"https:\/\/fruitorchard.pl\/pl\/nasze-uslugi\/optymalizacja-biura\/\" \/>\n<meta property=\"og:locale\" content=\"pl_PL\" \/>\n<meta property=\"og:type\" content=\"article\" \/>\n<meta property=\"og:title\" content=\"Optymalizacja biura - Fruitorchard\" \/>\n<meta property=\"og:description\" content=\"Zwi\u0119ksz efektywno\u015b\u0107 swojej powierzchni biurowej Optymalizacja biura Czy Twoje biuro nadal \u017cyje w erze sprzed COVID, tkwi\u0105c w czasach, gdy praca hybrydowa i zdalna by\u0142a tylko futurystycznym pomys\u0142em? Je\u015bli tak, to by\u0107 mo\u017ce trzeba to przemy\u015ble\u0107. Wiele miejsc pracy n\u0119ka zmarnowana przestrze\u0144, zniech\u0119caj\u0105ca atmosfera i przestarza\u0142y uk\u0142ad, kt\u00f3ry po prostu ju\u017c nie dzia\u0142a. Oto najcz\u0119stsze [&hellip;]\" \/>\n<meta property=\"og:url\" content=\"https:\/\/fruitorchard.pl\/pl\/nasze-uslugi\/optymalizacja-biura\/\" \/>\n<meta property=\"og:site_name\" content=\"Fruitorchard\" \/>\n<meta property=\"article:modified_time\" content=\"2025-10-08T20:23:40+00:00\" \/>\n<meta property=\"og:image\" content=\"https:\/\/fruitorchard.pl\/wp-content\/uploads\/2023\/02\/NIK_4632-1300x650.jpg\" \/>\n<meta name=\"twitter:card\" content=\"summary_large_image\" \/>\n<meta name=\"twitter:label1\" content=\"Szacowany czas czytania\" \/>\n\t<meta name=\"twitter:data1\" content=\"2 minuty\" \/>\n<script type=\"application\/ld+json\" class=\"yoast-schema-graph\">{\"@context\":\"https:\/\/schema.org\",\"@graph\":[{\"@type\":\"WebPage\",\"@id\":\"https:\/\/fruitorchard.pl\/pl\/nasze-uslugi\/optymalizacja-biura\/\",\"url\":\"https:\/\/fruitorchard.pl\/pl\/nasze-uslugi\/optymalizacja-biura\/\",\"name\":\"Optymalizacja biura - Fruitorchard\",\"isPartOf\":{\"@id\":\"https:\/\/fruitorchard.pl\/#website\"},\"primaryImageOfPage\":{\"@id\":\"https:\/\/fruitorchard.pl\/pl\/nasze-uslugi\/optymalizacja-biura\/#primaryimage\"},\"image\":{\"@id\":\"https:\/\/fruitorchard.pl\/pl\/nasze-uslugi\/optymalizacja-biura\/#primaryimage\"},\"thumbnailUrl\":\"https:\/\/fruitorchard.pl\/wp-content\/uploads\/2023\/02\/NIK_4632-1300x650.jpg\",\"datePublished\":\"2024-05-11T10:50:05+00:00\",\"dateModified\":\"2025-10-08T20:23:40+00:00\",\"breadcrumb\":{\"@id\":\"https:\/\/fruitorchard.pl\/pl\/nasze-uslugi\/optymalizacja-biura\/#breadcrumb\"},\"inLanguage\":\"pl-PL\",\"potentialAction\":[{\"@type\":\"ReadAction\",\"target\":[\"https:\/\/fruitorchard.pl\/pl\/nasze-uslugi\/optymalizacja-biura\/\"]}]},{\"@type\":\"ImageObject\",\"inLanguage\":\"pl-PL\",\"@id\":\"https:\/\/fruitorchard.pl\/pl\/nasze-uslugi\/optymalizacja-biura\/#primaryimage\",\"url\":\"https:\/\/fruitorchard.pl\/wp-content\/uploads\/2023\/02\/NIK_4632-1300x650.jpg\",\"contentUrl\":\"https:\/\/fruitorchard.pl\/wp-content\/uploads\/2023\/02\/NIK_4632-1300x650.jpg\"},{\"@type\":\"BreadcrumbList\",\"@id\":\"https:\/\/fruitorchard.pl\/pl\/nasze-uslugi\/optymalizacja-biura\/#breadcrumb\",\"itemListElement\":[{\"@type\":\"ListItem\",\"position\":1,\"name\":\"Home\",\"item\":\"https:\/\/fruitorchard.pl\/pl\/\"},{\"@type\":\"ListItem\",\"position\":2,\"name\":\"Nasze us\u0142ugi\",\"item\":\"https:\/\/fruitorchard.pl\/pl\/nasze-uslugi\/\"},{\"@type\":\"ListItem\",\"position\":3,\"name\":\"Optymalizacja biura\"}]},{\"@type\":\"WebSite\",\"@id\":\"https:\/\/fruitorchard.pl\/#website\",\"url\":\"https:\/\/fruitorchard.pl\/\",\"name\":\"Fruitorchard\",\"description\":\"Award winning interior design studio\",\"publisher\":{\"@id\":\"https:\/\/fruitorchard.pl\/#organization\"},\"potentialAction\":[{\"@type\":\"SearchAction\",\"target\":{\"@type\":\"EntryPoint\",\"urlTemplate\":\"https:\/\/fruitorchard.pl\/?s={search_term_string}\"},\"query-input\":{\"@type\":\"PropertyValueSpecification\",\"valueRequired\":true,\"valueName\":\"search_term_string\"}}],\"inLanguage\":\"pl-PL\"},{\"@type\":\"Organization\",\"@id\":\"https:\/\/fruitorchard.pl\/#organization\",\"name\":\"Fruitorchard\",\"url\":\"https:\/\/fruitorchard.pl\/\",\"logo\":{\"@type\":\"ImageObject\",\"inLanguage\":\"pl-PL\",\"@id\":\"https:\/\/fruitorchard.pl\/#\/schema\/logo\/image\/\",\"url\":\"https:\/\/fruitorchard.pl\/wp-content\/uploads\/2024\/02\/FruitOrchard_by_Miastkowska_RGB_przezroczyste_tlo-e1637748590714.png\",\"contentUrl\":\"https:\/\/fruitorchard.pl\/wp-content\/uploads\/2024\/02\/FruitOrchard_by_Miastkowska_RGB_przezroczyste_tlo-e1637748590714.png\",\"width\":3891,\"height\":926,\"caption\":\"Fruitorchard\"},\"image\":{\"@id\":\"https:\/\/fruitorchard.pl\/#\/schema\/logo\/image\/\"},\"sameAs\":[\"https:\/\/www.linkedin.com\/company\/fruit-orchard-by-miastkowska\/\",\"https:\/\/www.instagram.com\/fruitorchard_interiors\/\"]}]}<\/script>\n<!-- \/ Yoast SEO plugin. -->","yoast_head_json":{"title":"Optymalizacja biura - Fruitorchard","robots":{"index":"index","follow":"follow","max-snippet":"max-snippet:-1","max-image-preview":"max-image-preview:large","max-video-preview":"max-video-preview:-1"},"canonical":"https:\/\/fruitorchard.pl\/pl\/nasze-uslugi\/optymalizacja-biura\/","og_locale":"pl_PL","og_type":"article","og_title":"Optymalizacja biura - Fruitorchard","og_description":"Zwi\u0119ksz efektywno\u015b\u0107 swojej powierzchni biurowej Optymalizacja biura Czy Twoje biuro nadal \u017cyje w erze sprzed COVID, tkwi\u0105c w czasach, gdy praca hybrydowa i zdalna by\u0142a tylko futurystycznym pomys\u0142em? Je\u015bli tak, to by\u0107 mo\u017ce trzeba to przemy\u015ble\u0107. Wiele miejsc pracy n\u0119ka zmarnowana przestrze\u0144, zniech\u0119caj\u0105ca atmosfera i przestarza\u0142y uk\u0142ad, kt\u00f3ry po prostu ju\u017c nie dzia\u0142a. Oto najcz\u0119stsze [&hellip;]","og_url":"https:\/\/fruitorchard.pl\/pl\/nasze-uslugi\/optymalizacja-biura\/","og_site_name":"Fruitorchard","article_modified_time":"2025-10-08T20:23:40+00:00","og_image":[{"url":"https:\/\/fruitorchard.pl\/wp-content\/uploads\/2023\/02\/NIK_4632-1300x650.jpg","type":"","width":"","height":""}],"twitter_card":"summary_large_image","twitter_misc":{"Szacowany czas czytania":"2 minuty"},"schema":{"@context":"https:\/\/schema.org","@graph":[{"@type":"WebPage","@id":"https:\/\/fruitorchard.pl\/pl\/nasze-uslugi\/optymalizacja-biura\/","url":"https:\/\/fruitorchard.pl\/pl\/nasze-uslugi\/optymalizacja-biura\/","name":"Optymalizacja biura - Fruitorchard","isPartOf":{"@id":"https:\/\/fruitorchard.pl\/#website"},"primaryImageOfPage":{"@id":"https:\/\/fruitorchard.pl\/pl\/nasze-uslugi\/optymalizacja-biura\/#primaryimage"},"image":{"@id":"https:\/\/fruitorchard.pl\/pl\/nasze-uslugi\/optymalizacja-biura\/#primaryimage"},"thumbnailUrl":"https:\/\/fruitorchard.pl\/wp-content\/uploads\/2023\/02\/NIK_4632-1300x650.jpg","datePublished":"2024-05-11T10:50:05+00:00","dateModified":"2025-10-08T20:23:40+00:00","breadcrumb":{"@id":"https:\/\/fruitorchard.pl\/pl\/nasze-uslugi\/optymalizacja-biura\/#breadcrumb"},"inLanguage":"pl-PL","potentialAction":[{"@type":"ReadAction","target":["https:\/\/fruitorchard.pl\/pl\/nasze-uslugi\/optymalizacja-biura\/"]}]},{"@type":"ImageObject","inLanguage":"pl-PL","@id":"https:\/\/fruitorchard.pl\/pl\/nasze-uslugi\/optymalizacja-biura\/#primaryimage","url":"https:\/\/fruitorchard.pl\/wp-content\/uploads\/2023\/02\/NIK_4632-1300x650.jpg","contentUrl":"https:\/\/fruitorchard.pl\/wp-content\/uploads\/2023\/02\/NIK_4632-1300x650.jpg"},{"@type":"BreadcrumbList","@id":"https:\/\/fruitorchard.pl\/pl\/nasze-uslugi\/optymalizacja-biura\/#breadcrumb","itemListElement":[{"@type":"ListItem","position":1,"name":"Home","item":"https:\/\/fruitorchard.pl\/pl\/"},{"@type":"ListItem","position":2,"name":"Nasze us\u0142ugi","item":"https:\/\/fruitorchard.pl\/pl\/nasze-uslugi\/"},{"@type":"ListItem","position":3,"name":"Optymalizacja biura"}]},{"@type":"WebSite","@id":"https:\/\/fruitorchard.pl\/#website","url":"https:\/\/fruitorchard.pl\/","name":"Fruitorchard","description":"Award winning interior design studio","publisher":{"@id":"https:\/\/fruitorchard.pl\/#organization"},"potentialAction":[{"@type":"SearchAction","target":{"@type":"EntryPoint","urlTemplate":"https:\/\/fruitorchard.pl\/?s={search_term_string}"},"query-input":{"@type":"PropertyValueSpecification","valueRequired":true,"valueName":"search_term_string"}}],"inLanguage":"pl-PL"},{"@type":"Organization","@id":"https:\/\/fruitorchard.pl\/#organization","name":"Fruitorchard","url":"https:\/\/fruitorchard.pl\/","logo":{"@type":"ImageObject","inLanguage":"pl-PL","@id":"https:\/\/fruitorchard.pl\/#\/schema\/logo\/image\/","url":"https:\/\/fruitorchard.pl\/wp-content\/uploads\/2024\/02\/FruitOrchard_by_Miastkowska_RGB_przezroczyste_tlo-e1637748590714.png","contentUrl":"https:\/\/fruitorchard.pl\/wp-content\/uploads\/2024\/02\/FruitOrchard_by_Miastkowska_RGB_przezroczyste_tlo-e1637748590714.png","width":3891,"height":926,"caption":"Fruitorchard"},"image":{"@id":"https:\/\/fruitorchard.pl\/#\/schema\/logo\/image\/"},"sameAs":["https:\/\/www.linkedin.com\/company\/fruit-orchard-by-miastkowska\/","https:\/\/www.instagram.com\/fruitorchard_interiors\/"]}]}},"_links":{"self":[{"href":"https:\/\/fruitorchard.pl\/pl\/wp-json\/wp\/v2\/pages\/12363","targetHints":{"allow":["GET"]}}],"collection":[{"href":"https:\/\/fruitorchard.pl\/pl\/wp-json\/wp\/v2\/pages"}],"about":[{"href":"https:\/\/fruitorchard.pl\/pl\/wp-json\/wp\/v2\/types\/page"}],"author":[{"embeddable":true,"href":"https:\/\/fruitorchard.pl\/pl\/wp-json\/wp\/v2\/users\/3"}],"replies":[{"embeddable":true,"href":"https:\/\/fruitorchard.pl\/pl\/wp-json\/wp\/v2\/comments?post=12363"}],"version-history":[{"count":13,"href":"https:\/\/fruitorchard.pl\/pl\/wp-json\/wp\/v2\/pages\/12363\/revisions"}],"predecessor-version":[{"id":12847,"href":"https:\/\/fruitorchard.pl\/pl\/wp-json\/wp\/v2\/pages\/12363\/revisions\/12847"}],"up":[{"embeddable":true,"href":"https:\/\/fruitorchard.pl\/pl\/wp-json\/wp\/v2\/pages\/12359"}],"wp:attachment":[{"href":"https:\/\/fruitorchard.pl\/pl\/wp-json\/wp\/v2\/media?parent=12363"}],"curies":[{"name":"wp","href":"https:\/\/api.w.org\/{rel}","templated":true}]}}