{"id":12360,"date":"2024-05-11T12:52:02","date_gmt":"2024-05-11T10:52:02","guid":{"rendered":"https:\/\/fruitorchard.pl\/inscenizacja-biurowa\/"},"modified":"2025-10-08T22:18:45","modified_gmt":"2025-10-08T20:18:45","slug":"inscenizacja-biurowa","status":"publish","type":"page","link":"https:\/\/fruitorchard.pl\/pl\/nasze-uslugi\/inscenizacja-biurowa\/","title":{"rendered":"Office staging"},"content":{"rendered":"\t\t<div data-elementor-type=\"wp-page\" data-elementor-id=\"12360\" class=\"elementor elementor-12360 elementor-10253\">\n\t\t\t\t\t\t<section data-dynamic-background-color=\"#EAE4E4\" class=\"elementor-section elementor-top-section elementor-element elementor-element-f177ae1 elementor-section-full_width elementor-section-height-default elementor-section-height-default qodef-elementor-content-no qodef-elementor-column-no\" data-id=\"f177ae1\" data-element_type=\"section\" data-settings=\"{&quot;background_background&quot;:&quot;classic&quot;}\">\n\t\t\t\t\t\t<div class=\"elementor-container elementor-column-gap-default\">\n\t\t\t\t\t<div class=\"elementor-column elementor-col-100 elementor-top-column elementor-element elementor-element-a7d7ee9\" data-id=\"a7d7ee9\" data-element_type=\"column\">\n\t\t\t<div class=\"elementor-widget-wrap elementor-element-populated\">\n\t\t\t\t\t\t<div class=\"elementor-element elementor-element-014ecfe elementor-widget elementor-widget-text-editor\" data-id=\"014ecfe\" data-element_type=\"widget\" data-widget_type=\"text-editor.default\">\n\t\t\t\t<div class=\"elementor-widget-container\">\n\t\t\t\t\t\t\t\t\t<h4><span style=\"font-weight: 400;\">Szybki i niedrogi spos\u00f3b na popraw\u0119 biura<\/span><\/h4><h4><span style=\"font-size: 48px;\">Office staging<\/span><\/h4>\t\t\t\t\t\t\t\t<\/div>\n\t\t\t\t<\/div>\n\t\t\t\t\t<\/div>\n\t\t<\/div>\n\t\t\t\t\t<\/div>\n\t\t<\/section>\n\t\t\t\t<section data-dynamic-background-color=\"#EAE4E4\" class=\"elementor-section elementor-top-section elementor-element elementor-element-f81e6db elementor-section-full_width elementor-section-height-default elementor-section-height-default qodef-elementor-content-no qodef-elementor-column-no\" data-id=\"f81e6db\" data-element_type=\"section\" data-settings=\"{&quot;background_background&quot;:&quot;classic&quot;}\">\n\t\t\t\t\t\t<div class=\"elementor-container elementor-column-gap-default\">\n\t\t\t\t\t<div class=\"elementor-column elementor-col-50 elementor-top-column elementor-element elementor-element-fdd64de\" data-id=\"fdd64de\" data-element_type=\"column\">\n\t\t\t<div class=\"elementor-widget-wrap elementor-element-populated\">\n\t\t\t\t\t\t<div class=\"elementor-element elementor-element-a03a259 elementor-widget__width-initial elementor-widget elementor-widget-text-editor\" data-id=\"a03a259\" data-element_type=\"widget\" data-widget_type=\"text-editor.default\">\n\t\t\t\t<div class=\"elementor-widget-container\">\n\t\t\t\t\t\t\t\t\t<p class=\"whitespace-normal break-words\">Charakter naszej pracy ci\u0105gle si\u0119 zmienia. Ale biura \u2013 nie.<\/p><p class=\"whitespace-normal break-words\">I to tworzy problemy.<\/p><p class=\"whitespace-normal break-words\">Nowo powsta\u0142e zespo\u0142y nie maj\u0105 swojej dedykowanej przestrzeni. Open space&#8217;y s\u0105 chaotyczne i ha\u0142a\u015bliwe. Ustawienie mebli nie pasuje. Sale konferencyjne \u015bwiec\u0105 pustkami. Albo s\u0105 ci\u0105gle zaj\u0119te. Z\u0142e o\u015bwietlenie wp\u0142ywa na nastr\u00f3j i koncentracj\u0119.<\/p><p class=\"whitespace-normal break-words\"><strong>A nie ma du\u017cego bud\u017cetu na redesign.<\/strong><\/p><p class=\"whitespace-normal break-words\">Dobra wiadomo\u015b\u0107: widzieli\u015bmy to wszystko. <strong>I wiemy, jak to naprawi\u0107!<\/strong><\/p>\t\t\t\t\t\t\t\t<\/div>\n\t\t\t\t<\/div>\n\t\t\t\t\t<\/div>\n\t\t<\/div>\n\t\t\t\t<div class=\"elementor-column elementor-col-50 elementor-top-column elementor-element elementor-element-74c15c3\" data-id=\"74c15c3\" data-element_type=\"column\">\n\t\t\t<div class=\"elementor-widget-wrap elementor-element-populated\">\n\t\t\t\t\t\t<div class=\"elementor-element elementor-element-04e4f35 elementor-widget__width-auto elementor-widget elementor-widget-hiroshi_core_single_image\" data-id=\"04e4f35\" data-element_type=\"widget\" data-widget_type=\"hiroshi_core_single_image.default\">\n\t\t\t\t<div class=\"elementor-widget-container\">\n\t\t\t\t\t<div class=\"qodef-shortcode qodef-m  qodef-single-image qodef-layout--default   \">\n\t\t\t<div class=\"qodef-m-image\">\n\t\t\t\t\t\t\t\t<img fetchpriority=\"high\" decoding=\"async\" width=\"1300\" height=\"650\" src=\"https:\/\/fruitorchard.pl\/wp-content\/uploads\/2024\/05\/visionary6-1300x650.jpg\" class=\"attachment-hiroshi_core_image_size_landscape size-hiroshi_core_image_size_landscape\" alt=\"\" \/>\t\t\t\t\t\t\t<\/div>\n\t<\/div>\n\t\t\t\t<\/div>\n\t\t\t\t<\/div>\n\t\t\t\t\t<\/div>\n\t\t<\/div>\n\t\t\t\t\t<\/div>\n\t\t<\/section>\n\t\t<div class=\"elementor-element elementor-element-9417e7c e-con-full e-flex e-con e-parent\" data-id=\"9417e7c\" data-element_type=\"container\">\n\t\t<div class=\"elementor-element elementor-element-6a7c2d5 e-con-full e-flex e-con e-child\" data-id=\"6a7c2d5\" data-element_type=\"container\">\n\t\t\t\t<div class=\"elementor-element elementor-element-51e0882 elementor-widget__width-auto elementor-widget elementor-widget-hiroshi_core_single_image\" data-id=\"51e0882\" data-element_type=\"widget\" data-widget_type=\"hiroshi_core_single_image.default\">\n\t\t\t\t<div class=\"elementor-widget-container\">\n\t\t\t\t\t<div class=\"qodef-shortcode qodef-m  qodef-single-image qodef-layout--default   \">\n\t\t\t<div class=\"qodef-m-image\">\n\t\t\t\t\t\t\t\t<img decoding=\"async\" width=\"1300\" height=\"650\" src=\"https:\/\/fruitorchard.pl\/wp-content\/uploads\/2024\/05\/visionary3-1300x650.jpg\" class=\"attachment-hiroshi_core_image_size_landscape size-hiroshi_core_image_size_landscape\" alt=\"\" \/>\t\t\t\t\t\t\t<\/div>\n\t<\/div>\n\t\t\t\t<\/div>\n\t\t\t\t<\/div>\n\t\t\t\t<\/div>\n\t\t<div class=\"elementor-element elementor-element-82246ef e-con-full e-flex e-con e-child\" data-id=\"82246ef\" data-element_type=\"container\">\n\t\t\t\t<div class=\"elementor-element elementor-element-5feb7f2 elementor-widget__width-initial elementor-widget-tablet__width-inherit elementor-widget elementor-widget-text-editor\" data-id=\"5feb7f2\" data-element_type=\"widget\" data-widget_type=\"text-editor.default\">\n\t\t\t\t<div class=\"elementor-widget-container\">\n\t\t\t\t\t\t\t\t\t<h5><strong>Wyobra\u017a sobie:<\/strong><\/h5><p class=\"whitespace-normal break-words\">Nasi do\u015bwiadczeni projektanci zamieni\u0105 Twoje biuro w t\u0119tni\u0105c\u0105 \u017cyciem i inspiruj\u0105c\u0105 przestrze\u0144 &#8211; kilkoma sprytnymi posuni\u0119ciami. Przeprowadzimy prawdziwy &#8222;office staging&#8221; \u2013 przesuwaj\u0105c meble, dostosowuj\u0105c o\u015bwietlenie i dodaj\u0105c fajne akcenty projektowe, aby nada\u0107 Twojej przestrzeni zupe\u0142nie nowy klimat.<\/p><p class=\"whitespace-normal break-words\">Nie stawiamy na rewolucje \u2013 stawiamy na szybkie dzia\u0142ania, kt\u00f3re robi\u0105 wielk\u0105 r\u00f3\u017cnic\u0119. Wierzymy w moc przemy\u015blanego projektu, gdzie nawet ma\u0142e zmiany mog\u0105 wywo\u0142a\u0107 u\u015bmiech, a ludzie b\u0119d\u0105 si\u0119 czuli w biurze naprawd\u0119 dobrze.<\/p>\t\t\t\t\t\t\t\t<\/div>\n\t\t\t\t<\/div>\n\t\t\t\t<\/div>\n\t\t\t\t<\/div>\n\t\t\t\t<section data-dynamic-background-color=\"#FFFFFF\" class=\"elementor-section elementor-top-section elementor-element elementor-element-1388a38 elementor-section-boxed elementor-section-height-default elementor-section-height-default qodef-elementor-content-no qodef-elementor-column-no\" data-id=\"1388a38\" data-element_type=\"section\">\n\t\t\t\t\t\t<div class=\"elementor-container elementor-column-gap-default\">\n\t\t\t\t\t<div class=\"elementor-column elementor-col-100 elementor-top-column elementor-element elementor-element-762dfa0\" data-id=\"762dfa0\" data-element_type=\"column\">\n\t\t\t<div class=\"elementor-widget-wrap elementor-element-populated\">\n\t\t\t\t\t\t<div class=\"elementor-element elementor-element-7934c83 elementor-widget elementor-widget-text-editor\" data-id=\"7934c83\" data-element_type=\"widget\" data-widget_type=\"text-editor.default\">\n\t\t\t\t<div class=\"elementor-widget-container\">\n\t\t\t\t\t\t\t\t\t<h4>Nie wiesz, od czego zacz\u0105\u0107?<\/h4><h3>Skontaktuj si\u0119 z nami &#8211; pierwsza konsultacja jest bezp\u0142atna<\/h3>\t\t\t\t\t\t\t\t<\/div>\n\t\t\t\t<\/div>\n\t\t\t\t<div class=\"elementor-element elementor-element-016f681 elementor-widget elementor-widget-hiroshi_core_button\" data-id=\"016f681\" data-element_type=\"widget\" data-widget_type=\"hiroshi_core_button.default\">\n\t\t\t\t<div class=\"elementor-widget-container\">\n\t\t\t\t\t<a class=\"qodef-shortcode qodef-m  qodef-button qodef-layout--textual  qodef-html--link\" href=\"https:\/\/fruitorchard.pl\/pl\/skontaktuj-sie-z-nami\/\" target=\"_self\"  >\n\t<span class=\"qodef-m-text\">skontaktuj si\u0119 z nami<\/span>\n<\/a>\n\t\t\t\t<\/div>\n\t\t\t\t<\/div>\n\t\t\t\t\t<\/div>\n\t\t<\/div>\n\t\t\t\t\t<\/div>\n\t\t<\/section>\n\t\t\t\t<\/div>\n\t\t","protected":false},"excerpt":{"rendered":"<p>Szybki i niedrogi spos\u00f3b na popraw\u0119 biura Office staging Charakter naszej pracy ci\u0105gle si\u0119 zmienia. Ale biura \u2013 nie. I to tworzy problemy. Nowo powsta\u0142e zespo\u0142y nie maj\u0105 swojej dedykowanej przestrzeni. Open space&#8217;y s\u0105 chaotyczne i ha\u0142a\u015bliwe. Ustawienie mebli nie pasuje. Sale konferencyjne \u015bwiec\u0105 pustkami. Albo s\u0105 ci\u0105gle zaj\u0119te. Z\u0142e o\u015bwietlenie wp\u0142ywa na nastr\u00f3j i [&hellip;]<\/p>\n","protected":false},"author":3,"featured_media":0,"parent":12359,"menu_order":0,"comment_status":"closed","ping_status":"closed","template":"page-full-width.php","meta":{"footnotes":""},"class_list":["post-12360","page","type-page","status-publish","hentry"],"yoast_head":"<!-- This site is optimized with the Yoast SEO plugin v25.7 - https:\/\/yoast.com\/wordpress\/plugins\/seo\/ -->\n<title>Office staging - Fruitorchard<\/title>\n<meta name=\"robots\" content=\"index, follow, max-snippet:-1, max-image-preview:large, max-video-preview:-1\" \/>\n<link rel=\"canonical\" href=\"https:\/\/fruitorchard.pl\/pl\/nasze-uslugi\/inscenizacja-biurowa\/\" \/>\n<meta property=\"og:locale\" content=\"pl_PL\" \/>\n<meta property=\"og:type\" content=\"article\" \/>\n<meta property=\"og:title\" content=\"Office staging - Fruitorchard\" \/>\n<meta property=\"og:description\" content=\"Szybki i niedrogi spos\u00f3b na popraw\u0119 biura Office staging Charakter naszej pracy ci\u0105gle si\u0119 zmienia. Ale biura \u2013 nie. I to tworzy problemy. Nowo powsta\u0142e zespo\u0142y nie maj\u0105 swojej dedykowanej przestrzeni. Open space&#8217;y s\u0105 chaotyczne i ha\u0142a\u015bliwe. Ustawienie mebli nie pasuje. Sale konferencyjne \u015bwiec\u0105 pustkami. Albo s\u0105 ci\u0105gle zaj\u0119te. Z\u0142e o\u015bwietlenie wp\u0142ywa na nastr\u00f3j i [&hellip;]\" \/>\n<meta property=\"og:url\" content=\"https:\/\/fruitorchard.pl\/pl\/nasze-uslugi\/inscenizacja-biurowa\/\" \/>\n<meta property=\"og:site_name\" content=\"Fruitorchard\" \/>\n<meta property=\"article:modified_time\" content=\"2025-10-08T20:18:45+00:00\" \/>\n<meta property=\"og:image\" content=\"https:\/\/fruitorchard.pl\/wp-content\/uploads\/2024\/05\/visionary6-1300x650.jpg\" \/>\n<meta name=\"twitter:card\" content=\"summary_large_image\" \/>\n<meta name=\"twitter:label1\" content=\"Szacowany czas czytania\" \/>\n\t<meta name=\"twitter:data1\" content=\"2 minuty\" \/>\n<script type=\"application\/ld+json\" class=\"yoast-schema-graph\">{\"@context\":\"https:\/\/schema.org\",\"@graph\":[{\"@type\":\"WebPage\",\"@id\":\"https:\/\/fruitorchard.pl\/pl\/nasze-uslugi\/inscenizacja-biurowa\/\",\"url\":\"https:\/\/fruitorchard.pl\/pl\/nasze-uslugi\/inscenizacja-biurowa\/\",\"name\":\"Office staging - Fruitorchard\",\"isPartOf\":{\"@id\":\"https:\/\/fruitorchard.pl\/#website\"},\"primaryImageOfPage\":{\"@id\":\"https:\/\/fruitorchard.pl\/pl\/nasze-uslugi\/inscenizacja-biurowa\/#primaryimage\"},\"image\":{\"@id\":\"https:\/\/fruitorchard.pl\/pl\/nasze-uslugi\/inscenizacja-biurowa\/#primaryimage\"},\"thumbnailUrl\":\"https:\/\/fruitorchard.pl\/wp-content\/uploads\/2024\/05\/visionary6-1300x650.jpg\",\"datePublished\":\"2024-05-11T10:52:02+00:00\",\"dateModified\":\"2025-10-08T20:18:45+00:00\",\"breadcrumb\":{\"@id\":\"https:\/\/fruitorchard.pl\/pl\/nasze-uslugi\/inscenizacja-biurowa\/#breadcrumb\"},\"inLanguage\":\"pl-PL\",\"potentialAction\":[{\"@type\":\"ReadAction\",\"target\":[\"https:\/\/fruitorchard.pl\/pl\/nasze-uslugi\/inscenizacja-biurowa\/\"]}]},{\"@type\":\"ImageObject\",\"inLanguage\":\"pl-PL\",\"@id\":\"https:\/\/fruitorchard.pl\/pl\/nasze-uslugi\/inscenizacja-biurowa\/#primaryimage\",\"url\":\"https:\/\/fruitorchard.pl\/wp-content\/uploads\/2024\/05\/visionary6-1300x650.jpg\",\"contentUrl\":\"https:\/\/fruitorchard.pl\/wp-content\/uploads\/2024\/05\/visionary6-1300x650.jpg\"},{\"@type\":\"BreadcrumbList\",\"@id\":\"https:\/\/fruitorchard.pl\/pl\/nasze-uslugi\/inscenizacja-biurowa\/#breadcrumb\",\"itemListElement\":[{\"@type\":\"ListItem\",\"position\":1,\"name\":\"Home\",\"item\":\"https:\/\/fruitorchard.pl\/pl\/\"},{\"@type\":\"ListItem\",\"position\":2,\"name\":\"Nasze us\u0142ugi\",\"item\":\"https:\/\/fruitorchard.pl\/pl\/nasze-uslugi\/\"},{\"@type\":\"ListItem\",\"position\":3,\"name\":\"Office staging\"}]},{\"@type\":\"WebSite\",\"@id\":\"https:\/\/fruitorchard.pl\/#website\",\"url\":\"https:\/\/fruitorchard.pl\/\",\"name\":\"Fruitorchard\",\"description\":\"Award winning interior design studio\",\"publisher\":{\"@id\":\"https:\/\/fruitorchard.pl\/#organization\"},\"potentialAction\":[{\"@type\":\"SearchAction\",\"target\":{\"@type\":\"EntryPoint\",\"urlTemplate\":\"https:\/\/fruitorchard.pl\/?s={search_term_string}\"},\"query-input\":{\"@type\":\"PropertyValueSpecification\",\"valueRequired\":true,\"valueName\":\"search_term_string\"}}],\"inLanguage\":\"pl-PL\"},{\"@type\":\"Organization\",\"@id\":\"https:\/\/fruitorchard.pl\/#organization\",\"name\":\"Fruitorchard\",\"url\":\"https:\/\/fruitorchard.pl\/\",\"logo\":{\"@type\":\"ImageObject\",\"inLanguage\":\"pl-PL\",\"@id\":\"https:\/\/fruitorchard.pl\/#\/schema\/logo\/image\/\",\"url\":\"https:\/\/fruitorchard.pl\/wp-content\/uploads\/2024\/02\/FruitOrchard_by_Miastkowska_RGB_przezroczyste_tlo-e1637748590714.png\",\"contentUrl\":\"https:\/\/fruitorchard.pl\/wp-content\/uploads\/2024\/02\/FruitOrchard_by_Miastkowska_RGB_przezroczyste_tlo-e1637748590714.png\",\"width\":3891,\"height\":926,\"caption\":\"Fruitorchard\"},\"image\":{\"@id\":\"https:\/\/fruitorchard.pl\/#\/schema\/logo\/image\/\"},\"sameAs\":[\"https:\/\/www.linkedin.com\/company\/fruit-orchard-by-miastkowska\/\",\"https:\/\/www.instagram.com\/fruitorchard_interiors\/\"]}]}<\/script>\n<!-- \/ Yoast SEO plugin. -->","yoast_head_json":{"title":"Office staging - Fruitorchard","robots":{"index":"index","follow":"follow","max-snippet":"max-snippet:-1","max-image-preview":"max-image-preview:large","max-video-preview":"max-video-preview:-1"},"canonical":"https:\/\/fruitorchard.pl\/pl\/nasze-uslugi\/inscenizacja-biurowa\/","og_locale":"pl_PL","og_type":"article","og_title":"Office staging - Fruitorchard","og_description":"Szybki i niedrogi spos\u00f3b na popraw\u0119 biura Office staging Charakter naszej pracy ci\u0105gle si\u0119 zmienia. Ale biura \u2013 nie. I to tworzy problemy. Nowo powsta\u0142e zespo\u0142y nie maj\u0105 swojej dedykowanej przestrzeni. Open space&#8217;y s\u0105 chaotyczne i ha\u0142a\u015bliwe. Ustawienie mebli nie pasuje. Sale konferencyjne \u015bwiec\u0105 pustkami. Albo s\u0105 ci\u0105gle zaj\u0119te. Z\u0142e o\u015bwietlenie wp\u0142ywa na nastr\u00f3j i [&hellip;]","og_url":"https:\/\/fruitorchard.pl\/pl\/nasze-uslugi\/inscenizacja-biurowa\/","og_site_name":"Fruitorchard","article_modified_time":"2025-10-08T20:18:45+00:00","og_image":[{"url":"https:\/\/fruitorchard.pl\/wp-content\/uploads\/2024\/05\/visionary6-1300x650.jpg","type":"","width":"","height":""}],"twitter_card":"summary_large_image","twitter_misc":{"Szacowany czas czytania":"2 minuty"},"schema":{"@context":"https:\/\/schema.org","@graph":[{"@type":"WebPage","@id":"https:\/\/fruitorchard.pl\/pl\/nasze-uslugi\/inscenizacja-biurowa\/","url":"https:\/\/fruitorchard.pl\/pl\/nasze-uslugi\/inscenizacja-biurowa\/","name":"Office staging - Fruitorchard","isPartOf":{"@id":"https:\/\/fruitorchard.pl\/#website"},"primaryImageOfPage":{"@id":"https:\/\/fruitorchard.pl\/pl\/nasze-uslugi\/inscenizacja-biurowa\/#primaryimage"},"image":{"@id":"https:\/\/fruitorchard.pl\/pl\/nasze-uslugi\/inscenizacja-biurowa\/#primaryimage"},"thumbnailUrl":"https:\/\/fruitorchard.pl\/wp-content\/uploads\/2024\/05\/visionary6-1300x650.jpg","datePublished":"2024-05-11T10:52:02+00:00","dateModified":"2025-10-08T20:18:45+00:00","breadcrumb":{"@id":"https:\/\/fruitorchard.pl\/pl\/nasze-uslugi\/inscenizacja-biurowa\/#breadcrumb"},"inLanguage":"pl-PL","potentialAction":[{"@type":"ReadAction","target":["https:\/\/fruitorchard.pl\/pl\/nasze-uslugi\/inscenizacja-biurowa\/"]}]},{"@type":"ImageObject","inLanguage":"pl-PL","@id":"https:\/\/fruitorchard.pl\/pl\/nasze-uslugi\/inscenizacja-biurowa\/#primaryimage","url":"https:\/\/fruitorchard.pl\/wp-content\/uploads\/2024\/05\/visionary6-1300x650.jpg","contentUrl":"https:\/\/fruitorchard.pl\/wp-content\/uploads\/2024\/05\/visionary6-1300x650.jpg"},{"@type":"BreadcrumbList","@id":"https:\/\/fruitorchard.pl\/pl\/nasze-uslugi\/inscenizacja-biurowa\/#breadcrumb","itemListElement":[{"@type":"ListItem","position":1,"name":"Home","item":"https:\/\/fruitorchard.pl\/pl\/"},{"@type":"ListItem","position":2,"name":"Nasze us\u0142ugi","item":"https:\/\/fruitorchard.pl\/pl\/nasze-uslugi\/"},{"@type":"ListItem","position":3,"name":"Office staging"}]},{"@type":"WebSite","@id":"https:\/\/fruitorchard.pl\/#website","url":"https:\/\/fruitorchard.pl\/","name":"Fruitorchard","description":"Award winning interior design studio","publisher":{"@id":"https:\/\/fruitorchard.pl\/#organization"},"potentialAction":[{"@type":"SearchAction","target":{"@type":"EntryPoint","urlTemplate":"https:\/\/fruitorchard.pl\/?s={search_term_string}"},"query-input":{"@type":"PropertyValueSpecification","valueRequired":true,"valueName":"search_term_string"}}],"inLanguage":"pl-PL"},{"@type":"Organization","@id":"https:\/\/fruitorchard.pl\/#organization","name":"Fruitorchard","url":"https:\/\/fruitorchard.pl\/","logo":{"@type":"ImageObject","inLanguage":"pl-PL","@id":"https:\/\/fruitorchard.pl\/#\/schema\/logo\/image\/","url":"https:\/\/fruitorchard.pl\/wp-content\/uploads\/2024\/02\/FruitOrchard_by_Miastkowska_RGB_przezroczyste_tlo-e1637748590714.png","contentUrl":"https:\/\/fruitorchard.pl\/wp-content\/uploads\/2024\/02\/FruitOrchard_by_Miastkowska_RGB_przezroczyste_tlo-e1637748590714.png","width":3891,"height":926,"caption":"Fruitorchard"},"image":{"@id":"https:\/\/fruitorchard.pl\/#\/schema\/logo\/image\/"},"sameAs":["https:\/\/www.linkedin.com\/company\/fruit-orchard-by-miastkowska\/","https:\/\/www.instagram.com\/fruitorchard_interiors\/"]}]}},"_links":{"self":[{"href":"https:\/\/fruitorchard.pl\/pl\/wp-json\/wp\/v2\/pages\/12360","targetHints":{"allow":["GET"]}}],"collection":[{"href":"https:\/\/fruitorchard.pl\/pl\/wp-json\/wp\/v2\/pages"}],"about":[{"href":"https:\/\/fruitorchard.pl\/pl\/wp-json\/wp\/v2\/types\/page"}],"author":[{"embeddable":true,"href":"https:\/\/fruitorchard.pl\/pl\/wp-json\/wp\/v2\/users\/3"}],"replies":[{"embeddable":true,"href":"https:\/\/fruitorchard.pl\/pl\/wp-json\/wp\/v2\/comments?post=12360"}],"version-history":[{"count":13,"href":"https:\/\/fruitorchard.pl\/pl\/wp-json\/wp\/v2\/pages\/12360\/revisions"}],"predecessor-version":[{"id":12844,"href":"https:\/\/fruitorchard.pl\/pl\/wp-json\/wp\/v2\/pages\/12360\/revisions\/12844"}],"up":[{"embeddable":true,"href":"https:\/\/fruitorchard.pl\/pl\/wp-json\/wp\/v2\/pages\/12359"}],"wp:attachment":[{"href":"https:\/\/fruitorchard.pl\/pl\/wp-json\/wp\/v2\/media?parent=12360"}],"curies":[{"name":"wp","href":"https:\/\/api.w.org\/{rel}","templated":true}]}}