{"id":12356,"date":"2024-05-12T22:32:42","date_gmt":"2024-05-12T20:32:42","guid":{"rendered":"https:\/\/fruitorchard.pl\/strategia-miejsca-pracy\/"},"modified":"2025-10-02T13:30:15","modified_gmt":"2025-10-02T11:30:15","slug":"strategia-miejsca-pracy","status":"publish","type":"page","link":"https:\/\/fruitorchard.pl\/pl\/nasze-uslugi\/strategia-miejsca-pracy\/","title":{"rendered":"Strategia workplace"},"content":{"rendered":"\t\t<div data-elementor-type=\"wp-page\" data-elementor-id=\"12356\" class=\"elementor elementor-12356 elementor-10349\">\n\t\t\t\t\t\t<section data-dynamic-background-color=\"#EAE4E4\" class=\"elementor-section elementor-top-section elementor-element elementor-element-f177ae1 elementor-section-full_width elementor-section-height-default elementor-section-height-default qodef-elementor-content-no qodef-elementor-column-no\" data-id=\"f177ae1\" data-element_type=\"section\" data-settings=\"{&quot;background_background&quot;:&quot;classic&quot;}\">\n\t\t\t\t\t\t<div class=\"elementor-container elementor-column-gap-default\">\n\t\t\t\t\t<div class=\"elementor-column elementor-col-100 elementor-top-column elementor-element elementor-element-a7d7ee9\" data-id=\"a7d7ee9\" data-element_type=\"column\">\n\t\t\t<div class=\"elementor-widget-wrap elementor-element-populated\">\n\t\t\t\t\t\t<div class=\"elementor-element elementor-element-014ecfe elementor-widget elementor-widget-text-editor\" data-id=\"014ecfe\" data-element_type=\"widget\" data-widget_type=\"text-editor.default\">\n\t\t\t\t<div class=\"elementor-widget-container\">\n\t\t\t\t\t\t\t\t\t<h4>Dlaczego Twoje biuro jest wyj\u0105tkowe i jak sprawi\u0107, by dzia\u0142a\u0142o na Twoj\u0105 korzy\u015b\u0107?<\/h4><h4><span style=\"font-size: 48px;\">Strategia workplace<\/span><\/h4>\t\t\t\t\t\t\t\t<\/div>\n\t\t\t\t<\/div>\n\t\t\t\t\t<\/div>\n\t\t<\/div>\n\t\t\t\t\t<\/div>\n\t\t<\/section>\n\t\t\t\t<section data-dynamic-background-color=\"#EAE4E4\" class=\"elementor-section elementor-top-section elementor-element elementor-element-f81e6db elementor-section-full_width elementor-section-height-default elementor-section-height-default qodef-elementor-content-no qodef-elementor-column-no\" data-id=\"f81e6db\" data-element_type=\"section\" data-settings=\"{&quot;background_background&quot;:&quot;classic&quot;}\">\n\t\t\t\t\t\t<div class=\"elementor-container elementor-column-gap-default\">\n\t\t\t\t\t<div class=\"elementor-column elementor-col-50 elementor-top-column elementor-element elementor-element-fdd64de\" data-id=\"fdd64de\" data-element_type=\"column\">\n\t\t\t<div class=\"elementor-widget-wrap elementor-element-populated\">\n\t\t\t\t\t\t<div class=\"elementor-element elementor-element-a03a259 elementor-widget__width-initial elementor-widget elementor-widget-text-editor\" data-id=\"a03a259\" data-element_type=\"widget\" data-widget_type=\"text-editor.default\">\n\t\t\t\t<div class=\"elementor-widget-container\">\n\t\t\t\t\t\t\t\t\t<p><span style=\"font-weight: 400; color: #000000;\"><strong>Strategia workplace to zrozumienie, jak ludzie pracuj\u0105 i czego potrzebuj\u0105.<\/strong> To jak plan, kt\u00f3ry prowadzi projektant\u00f3w do tworzenia biur, kt\u00f3re faktycznie b\u0119d\u0105 dobrze s\u0142u\u017cy\u0107 osobom z nich korzystaj\u0105cych.<\/span><\/p><p><span style=\"font-weight: 400; color: #000000;\">Zanim projektanci zaczn\u0105 wybiera\u0107 meble lub malowa\u0107 \u015bciany, musz\u0105 wiedzie\u0107, jak biuro b\u0119dzie wykorzystywane. Jakie rodzaje przestrzeni nale\u017cy stworzy\u0107, gdzie umie\u015bci\u0107 biurka, jak zaaran\u017cowa\u0107 sale konferencyjne i jakie elementy techniczne nale\u017cy uwzgl\u0119dni\u0107. <\/span><\/p><p><span style=\"font-weight: 400; color: #000000;\">Pomini\u0119cie strategii workplace to jak budowanie domu bez planu. Mo\u017cesz sko\u0144czy\u0107 z kuchni\u0105 w dziwnym miejscu albo \u0142azienk\u0105 w salonie. Po\u015bwi\u0119caj\u0105c czas na zrozumienie, jak ludzie pracuj\u0105 i czego potrzebuj\u0105, projektanci mog\u0105 stworzy\u0107 biura, kt\u00f3re zwi\u0119kszaj\u0105 produktywno\u015b\u0107, wsp\u00f3\u0142prac\u0119 i zadowolenie.  <\/span><\/p><p><span style=\"color: #000000;\"><strong>\u0141atwo to powiedzie\u0107, ale znacznie trudniej zrobi\u0107.<\/strong><\/span><\/p><p><span style=\"font-weight: 400; color: #000000;\">Stworzyli\u015bmy jednak w\u0142asn\u0105, autorsk\u0105 metod\u0119 workplace o nazwie &#8222;Organic Fit Out&#8221;, kt\u00f3ra wykracza daleko poza najpopularniejsze narz\u0119dzia zbierania danych (czyli ankiety) i pozwala odkry\u0107 prawdziwe potrzeby Twoich pracownik\u00f3w.<\/span><\/p>\t\t\t\t\t\t\t\t<\/div>\n\t\t\t\t<\/div>\n\t\t\t\t\t<\/div>\n\t\t<\/div>\n\t\t\t\t<div class=\"elementor-column elementor-col-50 elementor-top-column elementor-element elementor-element-74c15c3\" data-id=\"74c15c3\" data-element_type=\"column\">\n\t\t\t<div class=\"elementor-widget-wrap elementor-element-populated\">\n\t\t\t\t\t\t<div class=\"elementor-element elementor-element-04e4f35 elementor-widget__width-auto elementor-widget elementor-widget-hiroshi_core_single_image\" data-id=\"04e4f35\" data-element_type=\"widget\" data-widget_type=\"hiroshi_core_single_image.default\">\n\t\t\t\t<div class=\"elementor-widget-container\">\n\t\t\t\t\t<div class=\"qodef-shortcode qodef-m  qodef-single-image qodef-layout--default   \">\n\t\t\t<div class=\"qodef-m-image\">\n\t\t\t\t\t\t\t\t<img fetchpriority=\"high\" decoding=\"async\" width=\"1598\" height=\"1171\" src=\"https:\/\/fruitorchard.pl\/wp-content\/uploads\/2024\/05\/lay_por.jpg\" class=\"attachment-full size-full\" alt=\"\" srcset=\"https:\/\/fruitorchard.pl\/wp-content\/uploads\/2024\/05\/lay_por.jpg 1598w, https:\/\/fruitorchard.pl\/wp-content\/uploads\/2024\/05\/lay_por-300x220.jpg 300w, https:\/\/fruitorchard.pl\/wp-content\/uploads\/2024\/05\/lay_por-1024x750.jpg 1024w, https:\/\/fruitorchard.pl\/wp-content\/uploads\/2024\/05\/lay_por-768x563.jpg 768w, https:\/\/fruitorchard.pl\/wp-content\/uploads\/2024\/05\/lay_por-1536x1126.jpg 1536w, https:\/\/fruitorchard.pl\/wp-content\/uploads\/2024\/05\/lay_por-600x440.jpg 600w\" sizes=\"(max-width: 1598px) 100vw, 1598px\" \/>\t\t\t\t\t\t\t<\/div>\n\t<\/div>\n\t\t\t\t<\/div>\n\t\t\t\t<\/div>\n\t\t\t\t\t<\/div>\n\t\t<\/div>\n\t\t\t\t\t<\/div>\n\t\t<\/section>\n\t\t<div class=\"elementor-element elementor-element-9417e7c e-con-full e-flex e-con e-parent\" data-id=\"9417e7c\" data-element_type=\"container\">\n\t\t<div class=\"elementor-element elementor-element-6a7c2d5 e-con-full e-flex e-con e-child\" data-id=\"6a7c2d5\" data-element_type=\"container\">\n\t\t\t\t<div class=\"elementor-element elementor-element-51e0882 elementor-widget__width-auto elementor-widget elementor-widget-hiroshi_core_single_image\" data-id=\"51e0882\" data-element_type=\"widget\" data-widget_type=\"hiroshi_core_single_image.default\">\n\t\t\t\t<div class=\"elementor-widget-container\">\n\t\t\t\t\t<div class=\"qodef-shortcode qodef-m  qodef-single-image qodef-layout--default   \">\n\t\t\t<div class=\"qodef-m-image\">\n\t\t\t\t\t\t\t\t<img decoding=\"async\" width=\"1998\" height=\"1333\" src=\"https:\/\/fruitorchard.pl\/wp-content\/uploads\/2024\/05\/workplace2a.jpg\" class=\"attachment-full size-full\" alt=\"\" srcset=\"https:\/\/fruitorchard.pl\/wp-content\/uploads\/2024\/05\/workplace2a.jpg 1998w, https:\/\/fruitorchard.pl\/wp-content\/uploads\/2024\/05\/workplace2a-300x200.jpg 300w, https:\/\/fruitorchard.pl\/wp-content\/uploads\/2024\/05\/workplace2a-1024x683.jpg 1024w, https:\/\/fruitorchard.pl\/wp-content\/uploads\/2024\/05\/workplace2a-768x512.jpg 768w, https:\/\/fruitorchard.pl\/wp-content\/uploads\/2024\/05\/workplace2a-1536x1025.jpg 1536w, https:\/\/fruitorchard.pl\/wp-content\/uploads\/2024\/05\/workplace2a-600x400.jpg 600w\" sizes=\"(max-width: 1998px) 100vw, 1998px\" \/>\t\t\t\t\t\t\t<\/div>\n\t<\/div>\n\t\t\t\t<\/div>\n\t\t\t\t<\/div>\n\t\t\t\t<\/div>\n\t\t<div class=\"elementor-element elementor-element-82246ef e-con-full e-flex e-con e-child\" data-id=\"82246ef\" data-element_type=\"container\">\n\t\t\t\t<div class=\"elementor-element elementor-element-5feb7f2 elementor-widget__width-initial elementor-widget-tablet__width-inherit elementor-widget elementor-widget-text-editor\" data-id=\"5feb7f2\" data-element_type=\"widget\" data-widget_type=\"text-editor.default\">\n\t\t\t\t<div class=\"elementor-widget-container\">\n\t\t\t\t\t\t\t\t\t<p><span style=\"color: #000000;\"><strong>Jak pracujemy?<\/strong><\/span><\/p><p><span style=\"font-weight: 400; color: #000000;\">Organic<\/span><span style=\"font-weight: 400; color: #000000;\"> Fit Out to nasza autorska metoda analizy potrzeb klient\u00f3w biurowych, oparta na podstawowych funkcjach miejsca pracy i zadaniach. W istocie sprowadza si\u0119 do skupienia na fundamentalnych dzia\u0142aniach i procesach firmy, a nast\u0119pnie dostosowania biura do nich.<\/span><\/p><p><span style=\"font-weight: 400; color: #000000;\">Oznacza to spojrzenie do wn\u0119trza organizacji \u2013 zastanowienie si\u0119, czego pracownicy naprawd\u0119 potrzebuj\u0105, by efektywnie funkcjonowa\u0107 samodzielnie, ze wsp\u00f3\u0142pracownikami i z infrastruktur\u0105 \u2013 i pod\u0105\u017canie za tym, a nie za przyzwyczajeniami czy struktur\u0105. Na przyk\u0142ad nie ka\u017cdy mened\u017cer potrzebuje gabinetu, a nie ka\u017cdy szeregowy pracownik mo\u017ce pracowa\u0107 przy hot desku. Czasem nawet zamiana biurek mi\u0119dzy dwoma osobami mo\u017ce by\u0107 bardzo owocna.  <\/span><\/p><p><span style=\"font-weight: 400; color: #000000;\">W innych przypadkach mo\u017cliwo\u015b\u0107 wys\u0142ania, dajmy na to, pracownik\u00f3w dzia\u0142u na prac\u0119 zdaln\u0105 mo\u017ce oznacza\u0107 znaczne oszcz\u0119dno\u015bci dla nich i dla firmy, uwalniaj\u0105c du\u017c\u0105 przestrze\u0144 i potencja\u0142 do odzyskania koszt\u00f3w wynajmu. <\/span><\/p><p><span style=\"font-weight: 400; color: #000000;\">Kluczowe jest, by nie i\u015b\u0107 na skr\u00f3ty, tylko dobrze przemy\u015ble\u0107 swoj\u0105 organizacj\u0119 i dopasowa\u0107 do niej rozwi\u0105zania. Dlatego najwa\u017cniejszym elementem procesu jest s\u0142uchanie: rozmowy z Twoimi lud\u017ami, kt\u00f3rzy faktycznie b\u0119d\u0105 korzysta\u0107 z nowego biura; zestawienie danych ilo\u015bciowych z nieformalnymi opiniami, kt\u00f3re mog\u0105 odkry\u0107 ukryte wzorce pracy; oraz zbieranie opinii na temat pomys\u0142\u00f3w \u2013 by upewni\u0107 si\u0119, \u017ce nowy projekt trafi w dziesi\u0105tk\u0119. <\/span><\/p>\t\t\t\t\t\t\t\t<\/div>\n\t\t\t\t<\/div>\n\t\t\t\t<\/div>\n\t\t\t\t<\/div>\n\t\t\t\t<section data-dynamic-background-color=\"#FFFFFF\" class=\"elementor-section elementor-top-section elementor-element elementor-element-1388a38 elementor-section-boxed elementor-section-height-default elementor-section-height-default qodef-elementor-content-no qodef-elementor-column-no\" data-id=\"1388a38\" data-element_type=\"section\">\n\t\t\t\t\t\t<div class=\"elementor-container elementor-column-gap-default\">\n\t\t\t\t\t<div class=\"elementor-column elementor-col-100 elementor-top-column elementor-element elementor-element-762dfa0\" data-id=\"762dfa0\" data-element_type=\"column\">\n\t\t\t<div class=\"elementor-widget-wrap elementor-element-populated\">\n\t\t\t\t\t\t<div class=\"elementor-element elementor-element-7934c83 elementor-widget elementor-widget-text-editor\" data-id=\"7934c83\" data-element_type=\"widget\" data-widget_type=\"text-editor.default\">\n\t\t\t\t<div class=\"elementor-widget-container\">\n\t\t\t\t\t\t\t\t\t<h4>Nie wiesz od czego zacz\u0105\u0107?<\/h4><h4><span style=\"font-size: 38px;\">Skontaktuj si\u0119 z nami &#8211; pierwsza konsultacja jest bezp\u0142atna<\/span><\/h4>\t\t\t\t\t\t\t\t<\/div>\n\t\t\t\t<\/div>\n\t\t\t\t<div class=\"elementor-element elementor-element-016f681 elementor-widget elementor-widget-hiroshi_core_button\" data-id=\"016f681\" data-element_type=\"widget\" data-widget_type=\"hiroshi_core_button.default\">\n\t\t\t\t<div class=\"elementor-widget-container\">\n\t\t\t\t\t<a class=\"qodef-shortcode qodef-m  qodef-button qodef-layout--textual  qodef-html--link\" href=\"https:\/\/fruitorchard.pl\/pl\/skontaktuj-sie-z-nami\/\" target=\"_self\"  >\n\t<span class=\"qodef-m-text\">skontaktuj si\u0119 z nami<\/span>\n<\/a>\n\t\t\t\t<\/div>\n\t\t\t\t<\/div>\n\t\t\t\t\t<\/div>\n\t\t<\/div>\n\t\t\t\t\t<\/div>\n\t\t<\/section>\n\t\t\t\t<\/div>\n\t\t","protected":false},"excerpt":{"rendered":"<p>Dlaczego Twoje biuro jest wyj\u0105tkowe i jak sprawi\u0107, by dzia\u0142a\u0142o na Twoj\u0105 korzy\u015b\u0107? Strategia workplace Strategia workplace to zrozumienie, jak ludzie pracuj\u0105 i czego potrzebuj\u0105. To jak plan, kt\u00f3ry prowadzi projektant\u00f3w do tworzenia biur, kt\u00f3re faktycznie b\u0119d\u0105 dobrze s\u0142u\u017cy\u0107 osobom z nich korzystaj\u0105cych. Zanim projektanci zaczn\u0105 wybiera\u0107 meble lub malowa\u0107 \u015bciany, musz\u0105 wiedzie\u0107, jak biuro [&hellip;]<\/p>\n","protected":false},"author":3,"featured_media":0,"parent":12359,"menu_order":0,"comment_status":"closed","ping_status":"closed","template":"page-full-width.php","meta":{"footnotes":""},"class_list":["post-12356","page","type-page","status-publish","hentry"],"yoast_head":"<!-- This site is optimized with the Yoast SEO plugin v25.7 - https:\/\/yoast.com\/wordpress\/plugins\/seo\/ -->\n<title>Strategia workplace - Fruitorchard<\/title>\n<meta name=\"robots\" content=\"index, follow, max-snippet:-1, max-image-preview:large, max-video-preview:-1\" \/>\n<link rel=\"canonical\" href=\"https:\/\/fruitorchard.pl\/pl\/nasze-uslugi\/strategia-miejsca-pracy\/\" \/>\n<meta property=\"og:locale\" content=\"pl_PL\" \/>\n<meta property=\"og:type\" content=\"article\" \/>\n<meta property=\"og:title\" content=\"Strategia workplace - Fruitorchard\" \/>\n<meta property=\"og:description\" content=\"Dlaczego Twoje biuro jest wyj\u0105tkowe i jak sprawi\u0107, by dzia\u0142a\u0142o na Twoj\u0105 korzy\u015b\u0107? Strategia workplace Strategia workplace to zrozumienie, jak ludzie pracuj\u0105 i czego potrzebuj\u0105. To jak plan, kt\u00f3ry prowadzi projektant\u00f3w do tworzenia biur, kt\u00f3re faktycznie b\u0119d\u0105 dobrze s\u0142u\u017cy\u0107 osobom z nich korzystaj\u0105cych. Zanim projektanci zaczn\u0105 wybiera\u0107 meble lub malowa\u0107 \u015bciany, musz\u0105 wiedzie\u0107, jak biuro [&hellip;]\" \/>\n<meta property=\"og:url\" content=\"https:\/\/fruitorchard.pl\/pl\/nasze-uslugi\/strategia-miejsca-pracy\/\" \/>\n<meta property=\"og:site_name\" content=\"Fruitorchard\" \/>\n<meta property=\"article:modified_time\" content=\"2025-10-02T11:30:15+00:00\" \/>\n<meta property=\"og:image\" content=\"https:\/\/fruitorchard.pl\/wp-content\/uploads\/2024\/05\/lay_por.jpg\" \/>\n<meta name=\"twitter:card\" content=\"summary_large_image\" \/>\n<meta name=\"twitter:label1\" content=\"Szacowany czas czytania\" \/>\n\t<meta name=\"twitter:data1\" content=\"3 minuty\" \/>\n<script type=\"application\/ld+json\" class=\"yoast-schema-graph\">{\"@context\":\"https:\/\/schema.org\",\"@graph\":[{\"@type\":\"WebPage\",\"@id\":\"https:\/\/fruitorchard.pl\/pl\/nasze-uslugi\/strategia-miejsca-pracy\/\",\"url\":\"https:\/\/fruitorchard.pl\/pl\/nasze-uslugi\/strategia-miejsca-pracy\/\",\"name\":\"Strategia workplace - Fruitorchard\",\"isPartOf\":{\"@id\":\"https:\/\/fruitorchard.pl\/#website\"},\"primaryImageOfPage\":{\"@id\":\"https:\/\/fruitorchard.pl\/pl\/nasze-uslugi\/strategia-miejsca-pracy\/#primaryimage\"},\"image\":{\"@id\":\"https:\/\/fruitorchard.pl\/pl\/nasze-uslugi\/strategia-miejsca-pracy\/#primaryimage\"},\"thumbnailUrl\":\"https:\/\/fruitorchard.pl\/wp-content\/uploads\/2024\/05\/lay_por.jpg\",\"datePublished\":\"2024-05-12T20:32:42+00:00\",\"dateModified\":\"2025-10-02T11:30:15+00:00\",\"breadcrumb\":{\"@id\":\"https:\/\/fruitorchard.pl\/pl\/nasze-uslugi\/strategia-miejsca-pracy\/#breadcrumb\"},\"inLanguage\":\"pl-PL\",\"potentialAction\":[{\"@type\":\"ReadAction\",\"target\":[\"https:\/\/fruitorchard.pl\/pl\/nasze-uslugi\/strategia-miejsca-pracy\/\"]}]},{\"@type\":\"ImageObject\",\"inLanguage\":\"pl-PL\",\"@id\":\"https:\/\/fruitorchard.pl\/pl\/nasze-uslugi\/strategia-miejsca-pracy\/#primaryimage\",\"url\":\"https:\/\/fruitorchard.pl\/wp-content\/uploads\/2024\/05\/lay_por.jpg\",\"contentUrl\":\"https:\/\/fruitorchard.pl\/wp-content\/uploads\/2024\/05\/lay_por.jpg\"},{\"@type\":\"BreadcrumbList\",\"@id\":\"https:\/\/fruitorchard.pl\/pl\/nasze-uslugi\/strategia-miejsca-pracy\/#breadcrumb\",\"itemListElement\":[{\"@type\":\"ListItem\",\"position\":1,\"name\":\"Home\",\"item\":\"https:\/\/fruitorchard.pl\/pl\/\"},{\"@type\":\"ListItem\",\"position\":2,\"name\":\"Nasze us\u0142ugi\",\"item\":\"https:\/\/fruitorchard.pl\/pl\/nasze-uslugi\/\"},{\"@type\":\"ListItem\",\"position\":3,\"name\":\"Strategia workplace\"}]},{\"@type\":\"WebSite\",\"@id\":\"https:\/\/fruitorchard.pl\/#website\",\"url\":\"https:\/\/fruitorchard.pl\/\",\"name\":\"Fruitorchard\",\"description\":\"Award winning interior design studio\",\"publisher\":{\"@id\":\"https:\/\/fruitorchard.pl\/#organization\"},\"potentialAction\":[{\"@type\":\"SearchAction\",\"target\":{\"@type\":\"EntryPoint\",\"urlTemplate\":\"https:\/\/fruitorchard.pl\/?s={search_term_string}\"},\"query-input\":{\"@type\":\"PropertyValueSpecification\",\"valueRequired\":true,\"valueName\":\"search_term_string\"}}],\"inLanguage\":\"pl-PL\"},{\"@type\":\"Organization\",\"@id\":\"https:\/\/fruitorchard.pl\/#organization\",\"name\":\"Fruitorchard\",\"url\":\"https:\/\/fruitorchard.pl\/\",\"logo\":{\"@type\":\"ImageObject\",\"inLanguage\":\"pl-PL\",\"@id\":\"https:\/\/fruitorchard.pl\/#\/schema\/logo\/image\/\",\"url\":\"https:\/\/fruitorchard.pl\/wp-content\/uploads\/2024\/02\/FruitOrchard_by_Miastkowska_RGB_przezroczyste_tlo-e1637748590714.png\",\"contentUrl\":\"https:\/\/fruitorchard.pl\/wp-content\/uploads\/2024\/02\/FruitOrchard_by_Miastkowska_RGB_przezroczyste_tlo-e1637748590714.png\",\"width\":3891,\"height\":926,\"caption\":\"Fruitorchard\"},\"image\":{\"@id\":\"https:\/\/fruitorchard.pl\/#\/schema\/logo\/image\/\"},\"sameAs\":[\"https:\/\/www.linkedin.com\/company\/fruit-orchard-by-miastkowska\/\",\"https:\/\/www.instagram.com\/fruitorchard_interiors\/\"]}]}<\/script>\n<!-- \/ Yoast SEO plugin. -->","yoast_head_json":{"title":"Strategia workplace - Fruitorchard","robots":{"index":"index","follow":"follow","max-snippet":"max-snippet:-1","max-image-preview":"max-image-preview:large","max-video-preview":"max-video-preview:-1"},"canonical":"https:\/\/fruitorchard.pl\/pl\/nasze-uslugi\/strategia-miejsca-pracy\/","og_locale":"pl_PL","og_type":"article","og_title":"Strategia workplace - Fruitorchard","og_description":"Dlaczego Twoje biuro jest wyj\u0105tkowe i jak sprawi\u0107, by dzia\u0142a\u0142o na Twoj\u0105 korzy\u015b\u0107? Strategia workplace Strategia workplace to zrozumienie, jak ludzie pracuj\u0105 i czego potrzebuj\u0105. To jak plan, kt\u00f3ry prowadzi projektant\u00f3w do tworzenia biur, kt\u00f3re faktycznie b\u0119d\u0105 dobrze s\u0142u\u017cy\u0107 osobom z nich korzystaj\u0105cych. Zanim projektanci zaczn\u0105 wybiera\u0107 meble lub malowa\u0107 \u015bciany, musz\u0105 wiedzie\u0107, jak biuro [&hellip;]","og_url":"https:\/\/fruitorchard.pl\/pl\/nasze-uslugi\/strategia-miejsca-pracy\/","og_site_name":"Fruitorchard","article_modified_time":"2025-10-02T11:30:15+00:00","og_image":[{"url":"https:\/\/fruitorchard.pl\/wp-content\/uploads\/2024\/05\/lay_por.jpg","type":"","width":"","height":""}],"twitter_card":"summary_large_image","twitter_misc":{"Szacowany czas czytania":"3 minuty"},"schema":{"@context":"https:\/\/schema.org","@graph":[{"@type":"WebPage","@id":"https:\/\/fruitorchard.pl\/pl\/nasze-uslugi\/strategia-miejsca-pracy\/","url":"https:\/\/fruitorchard.pl\/pl\/nasze-uslugi\/strategia-miejsca-pracy\/","name":"Strategia workplace - Fruitorchard","isPartOf":{"@id":"https:\/\/fruitorchard.pl\/#website"},"primaryImageOfPage":{"@id":"https:\/\/fruitorchard.pl\/pl\/nasze-uslugi\/strategia-miejsca-pracy\/#primaryimage"},"image":{"@id":"https:\/\/fruitorchard.pl\/pl\/nasze-uslugi\/strategia-miejsca-pracy\/#primaryimage"},"thumbnailUrl":"https:\/\/fruitorchard.pl\/wp-content\/uploads\/2024\/05\/lay_por.jpg","datePublished":"2024-05-12T20:32:42+00:00","dateModified":"2025-10-02T11:30:15+00:00","breadcrumb":{"@id":"https:\/\/fruitorchard.pl\/pl\/nasze-uslugi\/strategia-miejsca-pracy\/#breadcrumb"},"inLanguage":"pl-PL","potentialAction":[{"@type":"ReadAction","target":["https:\/\/fruitorchard.pl\/pl\/nasze-uslugi\/strategia-miejsca-pracy\/"]}]},{"@type":"ImageObject","inLanguage":"pl-PL","@id":"https:\/\/fruitorchard.pl\/pl\/nasze-uslugi\/strategia-miejsca-pracy\/#primaryimage","url":"https:\/\/fruitorchard.pl\/wp-content\/uploads\/2024\/05\/lay_por.jpg","contentUrl":"https:\/\/fruitorchard.pl\/wp-content\/uploads\/2024\/05\/lay_por.jpg"},{"@type":"BreadcrumbList","@id":"https:\/\/fruitorchard.pl\/pl\/nasze-uslugi\/strategia-miejsca-pracy\/#breadcrumb","itemListElement":[{"@type":"ListItem","position":1,"name":"Home","item":"https:\/\/fruitorchard.pl\/pl\/"},{"@type":"ListItem","position":2,"name":"Nasze us\u0142ugi","item":"https:\/\/fruitorchard.pl\/pl\/nasze-uslugi\/"},{"@type":"ListItem","position":3,"name":"Strategia workplace"}]},{"@type":"WebSite","@id":"https:\/\/fruitorchard.pl\/#website","url":"https:\/\/fruitorchard.pl\/","name":"Fruitorchard","description":"Award winning interior design studio","publisher":{"@id":"https:\/\/fruitorchard.pl\/#organization"},"potentialAction":[{"@type":"SearchAction","target":{"@type":"EntryPoint","urlTemplate":"https:\/\/fruitorchard.pl\/?s={search_term_string}"},"query-input":{"@type":"PropertyValueSpecification","valueRequired":true,"valueName":"search_term_string"}}],"inLanguage":"pl-PL"},{"@type":"Organization","@id":"https:\/\/fruitorchard.pl\/#organization","name":"Fruitorchard","url":"https:\/\/fruitorchard.pl\/","logo":{"@type":"ImageObject","inLanguage":"pl-PL","@id":"https:\/\/fruitorchard.pl\/#\/schema\/logo\/image\/","url":"https:\/\/fruitorchard.pl\/wp-content\/uploads\/2024\/02\/FruitOrchard_by_Miastkowska_RGB_przezroczyste_tlo-e1637748590714.png","contentUrl":"https:\/\/fruitorchard.pl\/wp-content\/uploads\/2024\/02\/FruitOrchard_by_Miastkowska_RGB_przezroczyste_tlo-e1637748590714.png","width":3891,"height":926,"caption":"Fruitorchard"},"image":{"@id":"https:\/\/fruitorchard.pl\/#\/schema\/logo\/image\/"},"sameAs":["https:\/\/www.linkedin.com\/company\/fruit-orchard-by-miastkowska\/","https:\/\/www.instagram.com\/fruitorchard_interiors\/"]}]}},"_links":{"self":[{"href":"https:\/\/fruitorchard.pl\/pl\/wp-json\/wp\/v2\/pages\/12356","targetHints":{"allow":["GET"]}}],"collection":[{"href":"https:\/\/fruitorchard.pl\/pl\/wp-json\/wp\/v2\/pages"}],"about":[{"href":"https:\/\/fruitorchard.pl\/pl\/wp-json\/wp\/v2\/types\/page"}],"author":[{"embeddable":true,"href":"https:\/\/fruitorchard.pl\/pl\/wp-json\/wp\/v2\/users\/3"}],"replies":[{"embeddable":true,"href":"https:\/\/fruitorchard.pl\/pl\/wp-json\/wp\/v2\/comments?post=12356"}],"version-history":[{"count":12,"href":"https:\/\/fruitorchard.pl\/pl\/wp-json\/wp\/v2\/pages\/12356\/revisions"}],"predecessor-version":[{"id":12823,"href":"https:\/\/fruitorchard.pl\/pl\/wp-json\/wp\/v2\/pages\/12356\/revisions\/12823"}],"up":[{"embeddable":true,"href":"https:\/\/fruitorchard.pl\/pl\/wp-json\/wp\/v2\/pages\/12359"}],"wp:attachment":[{"href":"https:\/\/fruitorchard.pl\/pl\/wp-json\/wp\/v2\/media?parent=12356"}],"curies":[{"name":"wp","href":"https:\/\/api.w.org\/{rel}","templated":true}]}}