{"id":12352,"date":"2022-12-15T13:47:01","date_gmt":"2022-12-15T12:47:01","guid":{"rendered":"https:\/\/fruitorchard.pl\/skontaktuj-sie-z-nami\/"},"modified":"2025-10-01T13:52:20","modified_gmt":"2025-10-01T11:52:20","slug":"skontaktuj-sie-z-nami","status":"publish","type":"page","link":"https:\/\/fruitorchard.pl\/pl\/skontaktuj-sie-z-nami\/","title":{"rendered":"Skontaktuj si\u0119 z nami"},"content":{"rendered":"\t\t<div data-elementor-type=\"wp-page\" data-elementor-id=\"12352\" class=\"elementor elementor-12352 elementor-3070\">\n\t\t\t\t\t\t<section class=\"elementor-section elementor-top-section elementor-element elementor-element-e5ee8d4 elementor-section-full_width elementor-section-height-default elementor-section-height-default qodef-elementor-content-no qodef-elementor-column-no\" data-id=\"e5ee8d4\" data-element_type=\"section\">\n\t\t\t\t\t\t<div class=\"elementor-container elementor-column-gap-default\">\n\t\t\t\t\t<div class=\"elementor-column elementor-col-50 elementor-top-column elementor-element elementor-element-fa70e4f\" data-id=\"fa70e4f\" data-element_type=\"column\">\n\t\t\t<div class=\"elementor-widget-wrap elementor-element-populated\">\n\t\t\t\t\t\t<div class=\"elementor-element elementor-element-7546938 elementor-widget elementor-widget-text-editor\" data-id=\"7546938\" data-element_type=\"widget\" data-widget_type=\"text-editor.default\">\n\t\t\t\t<div class=\"elementor-widget-container\">\n\t\t\t\t\t\t\t\t\t<h1 class=\"qodef-m-title\">Kontakt<\/h1><p class=\"qodef-m-text\">Ka\u017cdy projekt zaczyna si\u0119 od rozmowy. Wy\u015blij nam wiadomo\u015b\u0107! <\/p>\t\t\t\t\t\t\t\t<\/div>\n\t\t\t\t<\/div>\n\t\t\t\t<div class=\"elementor-element elementor-element-85a3bda elementor-widget elementor-widget-wp-widget-hiroshi_core_contact_form_7\" data-id=\"85a3bda\" data-element_type=\"widget\" data-widget_type=\"wp-widget-hiroshi_core_contact_form_7.default\">\n\t\t\t\t<div class=\"elementor-widget-container\">\n\t\t\t\t\t\t\t\t<div class=\"qodef-contact-form-7\">\n\t\t\t\t\n<div class=\"wpcf7 no-js\" id=\"wpcf7-f12402-o1\" lang=\"pl-PL\" dir=\"ltr\" data-wpcf7-id=\"12402\">\n<div class=\"screen-reader-response\"><p role=\"status\" aria-live=\"polite\" aria-atomic=\"true\"><\/p> <ul><\/ul><\/div>\n<form action=\"\/pl\/wp-json\/wp\/v2\/pages\/12352#wpcf7-f12402-o1\" method=\"post\" class=\"wpcf7-form init\" aria-label=\"Formularz kontaktowy\" novalidate=\"novalidate\" data-status=\"init\">\n<fieldset class=\"hidden-fields-container\"><input type=\"hidden\" name=\"_wpcf7\" value=\"12402\" \/><input type=\"hidden\" name=\"_wpcf7_version\" value=\"6.1.2\" \/><input type=\"hidden\" name=\"_wpcf7_locale\" value=\"pl_PL\" \/><input type=\"hidden\" name=\"_wpcf7_unit_tag\" value=\"wpcf7-f12402-o1\" \/><input type=\"hidden\" name=\"_wpcf7_container_post\" value=\"0\" \/><input type=\"hidden\" name=\"_wpcf7_posted_data_hash\" value=\"\" \/><input type=\"hidden\" name=\"_wpcf7_recaptcha_response\" value=\"\" \/>\n<\/fieldset>\n<div class=\"qodef-contact-form\">\n\n    <div class=\"qodef-grid qodef-layout--columns qodef-col-num--2\">\n\n        <div class=\"qodef-grid-inner\">\n\n            <div class=\"qodef-grid-item\">\n\n <span class=\"wpcf7-form-control-wrap\" data-name=\"your-name\"><input size=\"40\" maxlength=\"400\" class=\"wpcf7-form-control wpcf7-text wpcf7-validates-as-required\" aria-required=\"true\" aria-invalid=\"false\" placeholder=\"Imi\u0119 i nazwisko\" value=\"\" type=\"text\" name=\"your-name\" \/><\/span>\n\n            <\/div>\n\n            <div class=\"qodef-grid-item\">\n\n  <span class=\"wpcf7-form-control-wrap\" data-name=\"your-email\"><input size=\"40\" maxlength=\"400\" class=\"wpcf7-form-control wpcf7-email wpcf7-validates-as-required wpcf7-text wpcf7-validates-as-email\" aria-required=\"true\" aria-invalid=\"false\" placeholder=\"Email\" value=\"\" type=\"email\" name=\"your-email\" \/><\/span>\n\n            <\/div>\n\n        <\/div>\n\n    <\/div>\n\n<span class=\"wpcf7-form-control-wrap\" data-name=\"your-message\"><textarea cols=\"40\" rows=\"5\" maxlength=\"2000\" class=\"wpcf7-form-control wpcf7-textarea\" aria-invalid=\"false\" placeholder=\"Wiadomo\u015b\u0107\" name=\"your-message\"><\/textarea><\/span>\n\n<button class=\"wpcf7-form-control wpcf7-submit qodef-button qodef-size--normal qodef-layout--filled qodef-m\" type=\"submit\"><span class=\"qodef-m-text\">wy\u015blij<\/span><\/button>\n\n<\/div><div class=\"wpcf7-response-output\" aria-hidden=\"true\"><\/div>\n<\/form>\n<\/div>\n\t\t\t<\/div>\n\t\t\t\t\t\t\t<\/div>\n\t\t\t\t<\/div>\n\t\t\t\t\t<\/div>\n\t\t<\/div>\n\t\t\t\t<div class=\"elementor-column elementor-col-50 elementor-top-column elementor-element elementor-element-a3b9081\" data-id=\"a3b9081\" data-element_type=\"column\">\n\t\t\t<div class=\"elementor-widget-wrap elementor-element-populated\">\n\t\t\t\t\t\t<section class=\"elementor-section elementor-inner-section elementor-element elementor-element-7cb0192 elementor-section-full_width elementor-section-height-default elementor-section-height-default qodef-elementor-content-no qodef-elementor-column-no\" data-id=\"7cb0192\" data-element_type=\"section\">\n\t\t\t\t\t\t<div class=\"elementor-container elementor-column-gap-default\">\n\t\t\t\t\t<div class=\"elementor-column elementor-col-50 elementor-inner-column elementor-element elementor-element-148f1dc qodef--underline-on-hover\" data-id=\"148f1dc\" data-element_type=\"column\">\n\t\t\t<div class=\"elementor-widget-wrap elementor-element-populated\">\n\t\t\t\t\t\t<div class=\"elementor-element elementor-element-71a252d elementor-widget elementor-widget-text-editor\" data-id=\"71a252d\" data-element_type=\"widget\" data-widget_type=\"text-editor.default\">\n\t\t\t\t<div class=\"elementor-widget-container\">\n\t\t\t\t\t\t\t\t\t<h6 class=\"qodef-m-title\">Nasze biuro<\/h6>\t\t\t\t\t\t\t\t<\/div>\n\t\t\t\t<\/div>\n\t\t\t\t<div class=\"elementor-element elementor-element-3b53f69 elementor-widget elementor-widget-text-editor\" data-id=\"3b53f69\" data-element_type=\"widget\" data-widget_type=\"text-editor.default\">\n\t\t\t\t<div class=\"elementor-widget-container\">\n\t\t\t\t\t\t\t\t\t<p>Pu\u0142awska 41\/3<\/p><p>02-508 Warszawa<\/p><p>+48 513111654<\/p><p><a href=\"mailto:sekretariat@fruitorchard.pl\" target=\"_blank\" rel=\"noopener\">sekretariat@fruitorchard.pl<\/a><\/p>\t\t\t\t\t\t\t\t<\/div>\n\t\t\t\t<\/div>\n\t\t\t\t\t<\/div>\n\t\t<\/div>\n\t\t\t\t<div class=\"elementor-column elementor-col-50 elementor-inner-column elementor-element elementor-element-bf60742\" data-id=\"bf60742\" data-element_type=\"column\">\n\t\t\t<div class=\"elementor-widget-wrap elementor-element-populated\">\n\t\t\t\t\t\t<div class=\"elementor-element elementor-element-ca22b42 elementor-widget elementor-widget-text-editor\" data-id=\"ca22b42\" data-element_type=\"widget\" data-widget_type=\"text-editor.default\">\n\t\t\t\t<div class=\"elementor-widget-container\">\n\t\t\t\t\t\t\t\t\t<h6 class=\"qodef-m-title\">Godziny pracy<\/h6>\t\t\t\t\t\t\t\t<\/div>\n\t\t\t\t<\/div>\n\t\t\t\t<div class=\"elementor-element elementor-element-881ea36 elementor-widget elementor-widget-text-editor\" data-id=\"881ea36\" data-element_type=\"widget\" data-widget_type=\"text-editor.default\">\n\t\t\t\t<div class=\"elementor-widget-container\">\n\t\t\t\t\t\t\t\t\t<p>Od poniedzia\u0142ku do pi\u0105tku, 9:00-17:00<\/p><p>W weekend odpoczywamy \ud83d\ude42<\/p>\t\t\t\t\t\t\t\t<\/div>\n\t\t\t\t<\/div>\n\t\t\t\t\t<\/div>\n\t\t<\/div>\n\t\t\t\t\t<\/div>\n\t\t<\/section>\n\t\t\t\t\t<\/div>\n\t\t<\/div>\n\t\t\t\t\t<\/div>\n\t\t<\/section>\n\t\t\t\t<section class=\"elementor-section elementor-top-section elementor-element elementor-element-38d6861 elementor-section-full_width elementor-section-height-default elementor-section-height-default qodef-elementor-content-no qodef-elementor-column-no\" data-id=\"38d6861\" data-element_type=\"section\">\n\t\t\t\t\t\t<div class=\"elementor-container elementor-column-gap-default\">\n\t\t\t\t\t<div class=\"elementor-column elementor-col-100 elementor-top-column elementor-element elementor-element-1fc45b0\" data-id=\"1fc45b0\" data-element_type=\"column\">\n\t\t\t<div class=\"elementor-widget-wrap elementor-element-populated\">\n\t\t\t\t\t\t<div class=\"elementor-element elementor-element-8e96e78 elementor-widget elementor-widget-hiroshi_core_google_map\" data-id=\"8e96e78\" data-element_type=\"widget\" data-widget_type=\"hiroshi_core_google_map.default\">\n\t\t\t\t<div class=\"elementor-widget-container\">\n\t\t\t\t\t<div class=\"qodef-shortcode qodef-m  qodef-google-map\">\n\t<div class=\"qodef-m-map\" id=\"qodef-map-id--262\" data-addresses='[\"Soho Street, new york\"]' data-pin=https:\/\/fruitorchard.pl\/wp-content\/plugins\/hiroshi-core\/inc\/maps\/assets\/img\/pin.png data-unique-id=262 data-height=500><\/div>\n<\/div>\n\t\t\t\t<\/div>\n\t\t\t\t<\/div>\n\t\t\t\t\t<\/div>\n\t\t<\/div>\n\t\t\t\t\t<\/div>\n\t\t<\/section>\n\t\t\t\t<\/div>\n\t\t","protected":false},"excerpt":{"rendered":"<p>Kontakt Ka\u017cdy projekt zaczyna si\u0119 od rozmowy. Wy\u015blij nam wiadomo\u015b\u0107! Nasze biuro Pu\u0142awska 41\/3 02-508 Warszawa +48 513111654 sekretariat@fruitorchard.pl Godziny pracy Od poniedzia\u0142ku do pi\u0105tku, 9:00-17:00 W weekend odpoczywamy \ud83d\ude42<\/p>\n","protected":false},"author":3,"featured_media":0,"parent":0,"menu_order":0,"comment_status":"closed","ping_status":"closed","template":"page-full-width.php","meta":{"footnotes":""},"class_list":["post-12352","page","type-page","status-publish","hentry"],"yoast_head":"<!-- This site is optimized with the Yoast SEO plugin v25.7 - https:\/\/yoast.com\/wordpress\/plugins\/seo\/ -->\n<title>Skontaktuj si\u0119 z nami - Fruitorchard<\/title>\n<meta name=\"robots\" content=\"index, follow, max-snippet:-1, max-image-preview:large, max-video-preview:-1\" \/>\n<link rel=\"canonical\" href=\"https:\/\/fruitorchard.pl\/pl\/skontaktuj-sie-z-nami\/\" \/>\n<meta property=\"og:locale\" content=\"pl_PL\" \/>\n<meta property=\"og:type\" content=\"article\" \/>\n<meta property=\"og:title\" content=\"Skontaktuj si\u0119 z nami - Fruitorchard\" \/>\n<meta property=\"og:description\" content=\"Kontakt Ka\u017cdy projekt zaczyna si\u0119 od rozmowy. Wy\u015blij nam wiadomo\u015b\u0107! Nasze biuro Pu\u0142awska 41\/3 02-508 Warszawa +48 513111654 sekretariat@fruitorchard.pl Godziny pracy Od poniedzia\u0142ku do pi\u0105tku, 9:00-17:00 W weekend odpoczywamy \ud83d\ude42\" \/>\n<meta property=\"og:url\" content=\"https:\/\/fruitorchard.pl\/pl\/skontaktuj-sie-z-nami\/\" \/>\n<meta property=\"og:site_name\" content=\"Fruitorchard\" \/>\n<meta property=\"article:modified_time\" content=\"2025-10-01T11:52:20+00:00\" \/>\n<meta name=\"twitter:card\" content=\"summary_large_image\" \/>\n<meta name=\"twitter:label1\" content=\"Szacowany czas czytania\" \/>\n\t<meta name=\"twitter:data1\" content=\"1 minuta\" \/>\n<script type=\"application\/ld+json\" class=\"yoast-schema-graph\">{\"@context\":\"https:\/\/schema.org\",\"@graph\":[{\"@type\":\"WebPage\",\"@id\":\"https:\/\/fruitorchard.pl\/pl\/skontaktuj-sie-z-nami\/\",\"url\":\"https:\/\/fruitorchard.pl\/pl\/skontaktuj-sie-z-nami\/\",\"name\":\"Skontaktuj si\u0119 z nami - Fruitorchard\",\"isPartOf\":{\"@id\":\"https:\/\/fruitorchard.pl\/#website\"},\"datePublished\":\"2022-12-15T12:47:01+00:00\",\"dateModified\":\"2025-10-01T11:52:20+00:00\",\"breadcrumb\":{\"@id\":\"https:\/\/fruitorchard.pl\/pl\/skontaktuj-sie-z-nami\/#breadcrumb\"},\"inLanguage\":\"pl-PL\",\"potentialAction\":[{\"@type\":\"ReadAction\",\"target\":[\"https:\/\/fruitorchard.pl\/pl\/skontaktuj-sie-z-nami\/\"]}]},{\"@type\":\"BreadcrumbList\",\"@id\":\"https:\/\/fruitorchard.pl\/pl\/skontaktuj-sie-z-nami\/#breadcrumb\",\"itemListElement\":[{\"@type\":\"ListItem\",\"position\":1,\"name\":\"Home\",\"item\":\"https:\/\/fruitorchard.pl\/pl\/\"},{\"@type\":\"ListItem\",\"position\":2,\"name\":\"Skontaktuj si\u0119 z nami\"}]},{\"@type\":\"WebSite\",\"@id\":\"https:\/\/fruitorchard.pl\/#website\",\"url\":\"https:\/\/fruitorchard.pl\/\",\"name\":\"Fruitorchard\",\"description\":\"Award winning interior design studio\",\"publisher\":{\"@id\":\"https:\/\/fruitorchard.pl\/#organization\"},\"potentialAction\":[{\"@type\":\"SearchAction\",\"target\":{\"@type\":\"EntryPoint\",\"urlTemplate\":\"https:\/\/fruitorchard.pl\/?s={search_term_string}\"},\"query-input\":{\"@type\":\"PropertyValueSpecification\",\"valueRequired\":true,\"valueName\":\"search_term_string\"}}],\"inLanguage\":\"pl-PL\"},{\"@type\":\"Organization\",\"@id\":\"https:\/\/fruitorchard.pl\/#organization\",\"name\":\"Fruitorchard\",\"url\":\"https:\/\/fruitorchard.pl\/\",\"logo\":{\"@type\":\"ImageObject\",\"inLanguage\":\"pl-PL\",\"@id\":\"https:\/\/fruitorchard.pl\/#\/schema\/logo\/image\/\",\"url\":\"https:\/\/fruitorchard.pl\/wp-content\/uploads\/2024\/02\/FruitOrchard_by_Miastkowska_RGB_przezroczyste_tlo-e1637748590714.png\",\"contentUrl\":\"https:\/\/fruitorchard.pl\/wp-content\/uploads\/2024\/02\/FruitOrchard_by_Miastkowska_RGB_przezroczyste_tlo-e1637748590714.png\",\"width\":3891,\"height\":926,\"caption\":\"Fruitorchard\"},\"image\":{\"@id\":\"https:\/\/fruitorchard.pl\/#\/schema\/logo\/image\/\"},\"sameAs\":[\"https:\/\/www.linkedin.com\/company\/fruit-orchard-by-miastkowska\/\",\"https:\/\/www.instagram.com\/fruitorchard_interiors\/\"]}]}<\/script>\n<!-- \/ Yoast SEO plugin. -->","yoast_head_json":{"title":"Skontaktuj si\u0119 z nami - Fruitorchard","robots":{"index":"index","follow":"follow","max-snippet":"max-snippet:-1","max-image-preview":"max-image-preview:large","max-video-preview":"max-video-preview:-1"},"canonical":"https:\/\/fruitorchard.pl\/pl\/skontaktuj-sie-z-nami\/","og_locale":"pl_PL","og_type":"article","og_title":"Skontaktuj si\u0119 z nami - Fruitorchard","og_description":"Kontakt Ka\u017cdy projekt zaczyna si\u0119 od rozmowy. Wy\u015blij nam wiadomo\u015b\u0107! Nasze biuro Pu\u0142awska 41\/3 02-508 Warszawa +48 513111654 sekretariat@fruitorchard.pl Godziny pracy Od poniedzia\u0142ku do pi\u0105tku, 9:00-17:00 W weekend odpoczywamy \ud83d\ude42","og_url":"https:\/\/fruitorchard.pl\/pl\/skontaktuj-sie-z-nami\/","og_site_name":"Fruitorchard","article_modified_time":"2025-10-01T11:52:20+00:00","twitter_card":"summary_large_image","twitter_misc":{"Szacowany czas czytania":"1 minuta"},"schema":{"@context":"https:\/\/schema.org","@graph":[{"@type":"WebPage","@id":"https:\/\/fruitorchard.pl\/pl\/skontaktuj-sie-z-nami\/","url":"https:\/\/fruitorchard.pl\/pl\/skontaktuj-sie-z-nami\/","name":"Skontaktuj si\u0119 z nami - Fruitorchard","isPartOf":{"@id":"https:\/\/fruitorchard.pl\/#website"},"datePublished":"2022-12-15T12:47:01+00:00","dateModified":"2025-10-01T11:52:20+00:00","breadcrumb":{"@id":"https:\/\/fruitorchard.pl\/pl\/skontaktuj-sie-z-nami\/#breadcrumb"},"inLanguage":"pl-PL","potentialAction":[{"@type":"ReadAction","target":["https:\/\/fruitorchard.pl\/pl\/skontaktuj-sie-z-nami\/"]}]},{"@type":"BreadcrumbList","@id":"https:\/\/fruitorchard.pl\/pl\/skontaktuj-sie-z-nami\/#breadcrumb","itemListElement":[{"@type":"ListItem","position":1,"name":"Home","item":"https:\/\/fruitorchard.pl\/pl\/"},{"@type":"ListItem","position":2,"name":"Skontaktuj si\u0119 z nami"}]},{"@type":"WebSite","@id":"https:\/\/fruitorchard.pl\/#website","url":"https:\/\/fruitorchard.pl\/","name":"Fruitorchard","description":"Award winning interior design studio","publisher":{"@id":"https:\/\/fruitorchard.pl\/#organization"},"potentialAction":[{"@type":"SearchAction","target":{"@type":"EntryPoint","urlTemplate":"https:\/\/fruitorchard.pl\/?s={search_term_string}"},"query-input":{"@type":"PropertyValueSpecification","valueRequired":true,"valueName":"search_term_string"}}],"inLanguage":"pl-PL"},{"@type":"Organization","@id":"https:\/\/fruitorchard.pl\/#organization","name":"Fruitorchard","url":"https:\/\/fruitorchard.pl\/","logo":{"@type":"ImageObject","inLanguage":"pl-PL","@id":"https:\/\/fruitorchard.pl\/#\/schema\/logo\/image\/","url":"https:\/\/fruitorchard.pl\/wp-content\/uploads\/2024\/02\/FruitOrchard_by_Miastkowska_RGB_przezroczyste_tlo-e1637748590714.png","contentUrl":"https:\/\/fruitorchard.pl\/wp-content\/uploads\/2024\/02\/FruitOrchard_by_Miastkowska_RGB_przezroczyste_tlo-e1637748590714.png","width":3891,"height":926,"caption":"Fruitorchard"},"image":{"@id":"https:\/\/fruitorchard.pl\/#\/schema\/logo\/image\/"},"sameAs":["https:\/\/www.linkedin.com\/company\/fruit-orchard-by-miastkowska\/","https:\/\/www.instagram.com\/fruitorchard_interiors\/"]}]}},"_links":{"self":[{"href":"https:\/\/fruitorchard.pl\/pl\/wp-json\/wp\/v2\/pages\/12352","targetHints":{"allow":["GET"]}}],"collection":[{"href":"https:\/\/fruitorchard.pl\/pl\/wp-json\/wp\/v2\/pages"}],"about":[{"href":"https:\/\/fruitorchard.pl\/pl\/wp-json\/wp\/v2\/types\/page"}],"author":[{"embeddable":true,"href":"https:\/\/fruitorchard.pl\/pl\/wp-json\/wp\/v2\/users\/3"}],"replies":[{"embeddable":true,"href":"https:\/\/fruitorchard.pl\/pl\/wp-json\/wp\/v2\/comments?post=12352"}],"version-history":[{"count":8,"href":"https:\/\/fruitorchard.pl\/pl\/wp-json\/wp\/v2\/pages\/12352\/revisions"}],"predecessor-version":[{"id":12738,"href":"https:\/\/fruitorchard.pl\/pl\/wp-json\/wp\/v2\/pages\/12352\/revisions\/12738"}],"wp:attachment":[{"href":"https:\/\/fruitorchard.pl\/pl\/wp-json\/wp\/v2\/media?parent=12352"}],"curies":[{"name":"wp","href":"https:\/\/api.w.org\/{rel}","templated":true}]}}